{"id":1084,"date":"2022-02-13T20:47:42","date_gmt":"2022-02-13T23:47:42","guid":{"rendered":"https:\/\/pablosinai.com\/?page_id=1084"},"modified":"2025-09-16T16:02:08","modified_gmt":"2025-09-16T19:02:08","slug":"statement","status":"publish","type":"page","link":"https:\/\/pablosinai.com\/index.php\/statement\/","title":{"rendered":"Statement"},"content":{"rendered":"\t\t<div data-elementor-type=\"wp-page\" data-elementor-id=\"1084\" class=\"elementor elementor-1084\">\n\t\t\t\t\t\t<section class=\"elementor-section elementor-top-section elementor-element elementor-element-b33970e elementor-section-boxed elementor-section-height-default elementor-section-height-default\" data-id=\"b33970e\" data-element_type=\"section\">\n\t\t\t\t\t\t<div class=\"elementor-container elementor-column-gap-default\">\n\t\t\t\t\t<div class=\"elementor-column elementor-col-100 elementor-top-column elementor-element elementor-element-6056025\" data-id=\"6056025\" data-element_type=\"column\">\n\t\t\t<div class=\"elementor-widget-wrap elementor-element-populated\">\n\t\t\t\t\t\t<div class=\"elementor-element elementor-element-454eb5a elementor-widget elementor-widget-text-editor\" data-id=\"454eb5a\" data-element_type=\"widget\" data-widget_type=\"text-editor.default\">\n\t\t\t\t<div class=\"elementor-widget-container\">\n\t\t\t\t\t\t\t\t\t<p><i><span style=\"font-size: 8pt; font-family: 'Arial','sans-serif';\">\u00a0<\/span><\/i><\/p><p><i><span style=\"font-size: 8pt; font-family: 'Arial','sans-serif';\">\u00ab<\/span><\/i><i style=\"font-weight: inherit; color: var(--ast-global-color-3); text-align: justify; background-color: var(--ast-global-color-4);\"><span style=\"font-size: 9.0pt; font-family: 'Arial','sans-serif';\">A veces me pregunto qu\u00e9 suceder\u00eda si todos fu\u00e9ramos plenamente conscientes sobre nuestro transcurrir.<br \/><\/span><\/i><i style=\"font-weight: inherit; color: var(--ast-global-color-3); text-align: justify; background-color: var(--ast-global-color-4);\"><span style=\"font-size: 9.0pt; font-family: 'Arial','sans-serif';\">Poder confrontar esa inevitabilidad de lo lineal y reconocerse por fuera de una temporalidad preestablecida.<br \/><\/span><\/i><i style=\"font-weight: inherit; color: var(--ast-global-color-3); text-align: justify; background-color: var(--ast-global-color-4);\"><span style=\"font-size: 9.0pt; font-family: 'Arial','sans-serif';\">\u00bfC\u00f3mo ser\u00eda tomar una porci\u00f3n o segmento (aquello a lo que se denomina con un principio y final) donde dicha espacialidad, a partir de una imagen o discurso, se pudiera fragmentar y generar nuevos trayectos?.<br \/><\/span><\/i><i style=\"font-weight: inherit; color: var(--ast-global-color-3); text-align: justify; background-color: var(--ast-global-color-4);\"><span style=\"font-size: 9.0pt; font-family: 'Arial','sans-serif';\">\u00bfPor qu\u00e9 no pensar a la geometr\u00eda como un dispositivo lento, que por momentos abandone su car\u00e1cter de velocidad para repensar al movimiento como algo denso?.<br \/><\/span><\/i><i style=\"font-weight: inherit; color: var(--ast-global-color-3); text-align: justify; background-color: var(--ast-global-color-4);\"><span style=\"font-size: 9.0pt; font-family: 'Arial','sans-serif'; mso-fareast-font-family: 'Times New Roman'; mso-ansi-language: ES; mso-fareast-language: ES; mso-bidi-language: AR-SA;\">Tener la posibilidad tambi\u00e9n de fijar la mirada en un elemento concreto, a veces al l\u00edmite con otros y algunos en perfecta soledad. Brind\u00e1ndonos un tiempo para reflexionar sobre su condici\u00f3n. O quiz\u00e1 pensar tambi\u00e9n, si es necesaria su existencia.\u00bb<\/span><\/i><\/p><p><i style=\"color: var(--ast-global-color-3); font-weight: inherit; text-align: justify; background-color: var(--ast-global-color-4);\"><span style=\"font-size: 8pt; font-family: 'Arial','sans-serif';\">\u00a0<\/span><\/i><\/p><p style=\"text-align: justify;\"><span lang=\"ES-TRAD\" style=\"font-size: 9.0pt; font-family: 'Arial','sans-serif'; mso-fareast-font-family: Calibri; mso-fareast-theme-font: minor-latin; mso-ansi-language: ES-TRAD; mso-fareast-language: EN-US;\">La pintura como imagen y procedimiento, favorece en mi pr\u00e1ctica la posibilidad de una apropiaci\u00f3n y reconstrucci\u00f3n sobre aquellos elementos que persisten en nuestro imaginario cotidiano.<br \/><\/span><span style=\"font-family: Arial, 'sans-serif'; font-size: 9pt; font-style: inherit; font-weight: inherit; background-color: var(--ast-global-color-4); color: var(--ast-global-color-3);\">Mediante una s\u00edntesis de las formas, la variabilidad de sus soportes y un abordaje simb\u00f3lico en el tratamiento del color, concibo a la misma como campo propicio entre el pensamiento reflexivo, la materia y a ese tipo de estado o naturaleza temperamental del espacio pict\u00f3rico y su temporalidad. <\/span><span style=\"background-color: var(--ast-global-color-4); color: var(--ast-global-color-3); font-family: Arial, 'sans-serif'; font-size: 9pt; font-style: inherit; font-weight: inherit;\">Algunos de mis abordajes aluden a categor\u00edas cercanas al terreno de lo surreal. Apuntan tambi\u00e9n hacia lo sist\u00e9mico o program\u00e1tico, en algunos casos a trav\u00e9s de la arquitectura, as\u00ed como mediante un conjunto de recursos espaciales como la se\u00f1al\u00e9tica urbana y dispositivos escult\u00f3rico-pict\u00f3ricos de \u00e1nimo industrial.<br \/><\/span><span style=\"font-style: inherit; font-weight: inherit; color: var(--ast-global-color-3); background-color: var(--ast-global-color-4); font-size: 9pt; font-family: Arial, 'sans-serif';\">Gran parte de mi <\/span><span lang=\"ES-TRAD\" style=\"font-style: inherit; font-weight: inherit; color: var(--ast-global-color-3); background-color: var(--ast-global-color-4); font-size: 9pt; font-family: Arial, 'sans-serif';\">producci\u00f3n cuestiona el car\u00e1cter o peso simb\u00f3lico de las im\u00e1genes y aquellos elementos f\u00edsicos, que vinculados a su carga aleg\u00f3rica o discursiva, reconfiguran y condicionan nuestras capacidades asociativas para percibir la realidad. \u00bfDe qu\u00e9 modo nos vemos involucrados ante determinadas estructuras, que modifican nuestras acciones cotidianas, y nos invitan a naturalizar la b\u00fasqueda de algo abstracto, inasequible -aquello que entendemos por artificio-, pero que a su vez nos resulta imprescindible?.<br \/><\/span><span style=\"font-family: Arial, 'sans-serif'; font-size: 9pt; font-style: inherit; font-weight: inherit; background-color: var(--ast-global-color-4); color: var(--ast-global-color-3);\">El sentido de mi pr\u00e1ctica propone un estado de pregunta sobre el devenir irrenunciable de las im\u00e1genes, las palabras y los objetos como fen\u00f3meno: entre lo que reconocemos como arte, cultura, historia y progreso.<\/span><\/p><p style=\"text-align: right;\"><span lang=\"ES-TRAD\" style=\"font-size: 9.0pt; font-family: 'Arial','sans-serif'; mso-fareast-font-family: Calibri; mso-fareast-theme-font: minor-latin; mso-ansi-language: ES-TRAD; mso-fareast-language: EN-US;\"><br \/><\/span><span style=\"background-color: var(--ast-global-color-4); color: var(--ast-global-color-3); font-family: Arial, 'sans-serif'; font-size: 9pt; font-style: inherit; font-weight: inherit; text-align: right;\">Pablo Sina\u00ed<\/span><\/p><p><span lang=\"ES-AR\" style=\"font-size: 9.0pt; font-family: 'Arial','sans-serif'; mso-fareast-font-family: Calibri; mso-fareast-theme-font: minor-latin; mso-ansi-language: ES-AR; mso-fareast-language: EN-US;\">\u00a0<\/span><\/p>\t\t\t\t\t\t\t\t<\/div>\n\t\t\t\t<\/div>\n\t\t\t\t\t<\/div>\n\t\t<\/div>\n\t\t\t\t\t<\/div>\n\t\t<\/section>\n\t\t\t\t<\/div>\n\t\t","protected":false},"excerpt":{"rendered":"<p>\u00a0 \u00abA veces me pregunto qu\u00e9 suceder\u00eda si todos fu\u00e9ramos plenamente conscientes sobre nuestro transcurrir.Poder confrontar esa inevitabilidad de lo lineal y reconocerse por fuera de una temporalidad preestablecida.\u00bfC\u00f3mo ser\u00eda tomar una porci\u00f3n o segmento (aquello a lo que se denomina con un principio y final) donde dicha espacialidad, a partir de una imagen o [&hellip;]<\/p>\n","protected":false},"author":1,"featured_media":0,"parent":0,"menu_order":0,"comment_status":"closed","ping_status":"closed","template":"","meta":{"_monsterinsights_skip_tracking":false,"_monsterinsights_sitenote_active":false,"_monsterinsights_sitenote_note":"","_monsterinsights_sitenote_category":0,"site-sidebar-layout":"no-sidebar","site-content-layout":"page-builder","ast-site-content-layout":"default","site-content-style":"default","site-sidebar-style":"default","ast-global-header-display":"","ast-banner-title-visibility":"","ast-main-header-display":"","ast-hfb-above-header-display":"","ast-hfb-below-header-display":"","ast-hfb-mobile-header-display":"","site-post-title":"disabled","ast-breadcrumbs-content":"","ast-featured-img":"disabled","footer-sml-layout":"","theme-transparent-header-meta":"","adv-header-id-meta":"","stick-header-meta":"","header-above-stick-meta":"","header-main-stick-meta":"","header-below-stick-meta":"","astra-migrate-meta-layouts":"default","ast-page-background-enabled":"default","ast-page-background-meta":{"desktop":{"background-color":"","background-image":"","background-repeat":"repeat","background-position":"center center","background-size":"auto","background-attachment":"scroll","background-type":"","background-media":"","overlay-type":"","overlay-color":"","overlay-opacity":"","overlay-gradient":""},"tablet":{"background-color":"","background-image":"","background-repeat":"repeat","background-position":"center center","background-size":"auto","background-attachment":"scroll","background-type":"","background-media":"","overlay-type":"","overlay-color":"","overlay-opacity":"","overlay-gradient":""},"mobile":{"background-color":"","background-image":"","background-repeat":"repeat","background-position":"center center","background-size":"auto","background-attachment":"scroll","background-type":"","background-media":"","overlay-type":"","overlay-color":"","overlay-opacity":"","overlay-gradient":""}},"ast-content-background-meta":{"desktop":{"background-color":"var(--ast-global-color-5)","background-image":"","background-repeat":"repeat","background-position":"center center","background-size":"auto","background-attachment":"scroll","background-type":"","background-media":"","overlay-type":"","overlay-color":"","overlay-opacity":"","overlay-gradient":""},"tablet":{"background-color":"var(--ast-global-color-5)","background-image":"","background-repeat":"repeat","background-position":"center center","background-size":"auto","background-attachment":"scroll","background-type":"","background-media":"","overlay-type":"","overlay-color":"","overlay-opacity":"","overlay-gradient":""},"mobile":{"background-color":"var(--ast-global-color-5)","background-image":"","background-repeat":"repeat","background-position":"center center","background-size":"auto","background-attachment":"scroll","background-type":"","background-media":"","overlay-type":"","overlay-color":"","overlay-opacity":"","overlay-gradient":""}},"footnotes":""},"class_list":["post-1084","page","type-page","status-publish","hentry"],"aioseo_notices":[],"_links":{"self":[{"href":"https:\/\/pablosinai.com\/index.php\/wp-json\/wp\/v2\/pages\/1084","targetHints":{"allow":["GET"]}}],"collection":[{"href":"https:\/\/pablosinai.com\/index.php\/wp-json\/wp\/v2\/pages"}],"about":[{"href":"https:\/\/pablosinai.com\/index.php\/wp-json\/wp\/v2\/types\/page"}],"author":[{"embeddable":true,"href":"https:\/\/pablosinai.com\/index.php\/wp-json\/wp\/v2\/users\/1"}],"replies":[{"embeddable":true,"href":"https:\/\/pablosinai.com\/index.php\/wp-json\/wp\/v2\/comments?post=1084"}],"version-history":[{"count":58,"href":"https:\/\/pablosinai.com\/index.php\/wp-json\/wp\/v2\/pages\/1084\/revisions"}],"predecessor-version":[{"id":1721,"href":"https:\/\/pablosinai.com\/index.php\/wp-json\/wp\/v2\/pages\/1084\/revisions\/1721"}],"wp:attachment":[{"href":"https:\/\/pablosinai.com\/index.php\/wp-json\/wp\/v2\/media?parent=1084"}],"curies":[{"name":"wp","href":"https:\/\/api.w.org\/{rel}","templated":true}]}}