{"id":1315,"date":"2023-01-13T15:30:34","date_gmt":"2023-01-13T18:30:34","guid":{"rendered":"https:\/\/pablosinai.com\/?page_id=1315"},"modified":"2025-01-10T12:39:13","modified_gmt":"2025-01-10T15:39:13","slug":"asesorias","status":"publish","type":"page","link":"https:\/\/pablosinai.com\/index.php\/asesorias\/","title":{"rendered":"Asesorias"},"content":{"rendered":"\t\t<div data-elementor-type=\"wp-page\" data-elementor-id=\"1315\" class=\"elementor elementor-1315\">\n\t\t\t\t\t\t<section class=\"elementor-section elementor-top-section elementor-element elementor-element-7b9581f elementor-section-boxed elementor-section-height-default elementor-section-height-default\" data-id=\"7b9581f\" data-element_type=\"section\">\n\t\t\t\t\t\t<div class=\"elementor-container elementor-column-gap-default\">\n\t\t\t\t\t<div class=\"elementor-column elementor-col-33 elementor-top-column elementor-element elementor-element-f07bf44\" data-id=\"f07bf44\" data-element_type=\"column\">\n\t\t\t<div class=\"elementor-widget-wrap elementor-element-populated\">\n\t\t\t\t\t\t<div class=\"elementor-element elementor-element-6b689d2 elementor-widget elementor-widget-image\" data-id=\"6b689d2\" data-element_type=\"widget\" data-widget_type=\"image.default\">\n\t\t\t\t<div class=\"elementor-widget-container\">\n\t\t\t\t\t\t\t\t\t\t\t\t\t\t\t<img fetchpriority=\"high\" decoding=\"async\" width=\"300\" height=\"300\" src=\"https:\/\/pablosinai.com\/wp-content\/uploads\/2025\/01\/consultoria-para-artistas-300x300.png\" class=\"attachment-medium size-medium wp-image-1526\" alt=\"\" srcset=\"https:\/\/pablosinai.com\/wp-content\/uploads\/2025\/01\/consultoria-para-artistas-300x300.png 300w, https:\/\/pablosinai.com\/wp-content\/uploads\/2025\/01\/consultoria-para-artistas-1024x1024.png 1024w, https:\/\/pablosinai.com\/wp-content\/uploads\/2025\/01\/consultoria-para-artistas-150x150.png 150w, https:\/\/pablosinai.com\/wp-content\/uploads\/2025\/01\/consultoria-para-artistas-768x768.png 768w, https:\/\/pablosinai.com\/wp-content\/uploads\/2025\/01\/consultoria-para-artistas.png 1080w\" sizes=\"(max-width: 300px) 100vw, 300px\" \/>\t\t\t\t\t\t\t\t\t\t\t\t\t\t\t<\/div>\n\t\t\t\t<\/div>\n\t\t\t\t\t<\/div>\n\t\t<\/div>\n\t\t\t\t<div class=\"elementor-column elementor-col-66 elementor-top-column elementor-element elementor-element-7cb3efe\" data-id=\"7cb3efe\" data-element_type=\"column\">\n\t\t\t<div class=\"elementor-widget-wrap elementor-element-populated\">\n\t\t\t\t\t\t<div class=\"elementor-element elementor-element-b40d128 elementor-widget elementor-widget-heading\" data-id=\"b40d128\" data-element_type=\"widget\" data-widget_type=\"heading.default\">\n\t\t\t\t<div class=\"elementor-widget-container\">\n\t\t\t\t\t<h1 class=\"elementor-heading-title elementor-size-medium\"><span class=\"S1PPyQ\" style=\"font-weight: 700;font-style: normal;text-decoration: none\">Acompa\u00f1amiento individual para Artistas Visuales<\/span><\/h1>\t\t\t\t<\/div>\n\t\t\t\t<\/div>\n\t\t\t\t<div class=\"elementor-element elementor-element-82fc990 elementor-widget elementor-widget-text-editor\" data-id=\"82fc990\" data-element_type=\"widget\" data-widget_type=\"text-editor.default\">\n\t\t\t\t<div class=\"elementor-widget-container\">\n\t\t\t\t\t\t\t\t\t<p class=\"_04xlpA direction-ltr align-justify para-style-body\"><em><strong><span class=\"S1PPyQ\">Consultor\u00eda para artistas<\/span><\/strong><\/em><\/p><p class=\"_04xlpA direction-ltr align-justify para-style-body\"><span class=\"S1PPyQ\">Se trata de un espacio personalizado para artistas en todas sus disciplinas y trayectorias, dedicado exclusivamente a la proyecci\u00f3n e inserci\u00f3n dentro del sistema de arte, mediante un conjunto de estrategias y herramientas vinculadas a la autogesti\u00f3n y profesionalizaci\u00f3n en su perfil y corpus de obra.<\/span><\/p><p class=\"_04xlpA direction-ltr align-justify para-style-body\"><strong><span class=\"S1PPyQ\">Din\u00e1mica de trabajo:<\/span><\/strong><\/p><p class=\"_04xlpA direction-ltr align-justify para-style-body\"><span class=\"S1PPyQ\">El d\u00eda y horario para cada reuni\u00f3n de asesor\u00eda, ser\u00e1 acordado con el artista interesado. Cada encuentro tendr\u00e1 una duraci\u00f3n m\u00e1xima de 1:30 hs, en donde se revisar\u00e1n todos los aspectos provistos por el consultante, con la posibilidad de proponer un desarrollo de consignas<\/span> <span class=\"S1PPyQ\">espec\u00edficas para un siguiente encuentro.<\/span><\/p><p class=\"_04xlpA direction-ltr align-justify para-style-body\"><span class=\"S1PPyQ\">La frecuencia de cada reuni\u00f3n suele ser mensual o quincenal.<\/span><\/p><p class=\"_04xlpA direction-ltr align-justify para-style-body\"><span class=\"S1PPyQ\">Dependiendo de cada consulta por parte del artista interesado, el contenido de las reuniones orbita sobre los siguientes ejes fundamentales:<\/span><\/p><ul><li><span class=\"S1PPyQ\">Corpus de obra \/\/<\/span> <span class=\"S1PPyQ\">L\u00edneas de producci\u00f3n &#8211; Especificidades &#8211; Lenguaje, materialidad y discurso.<\/span><\/li><li><span class=\"S1PPyQ\">Inventario \/\/ <\/span><span class=\"S1PPyQ\">Registro &#8211; Material de archivo &#8211; Ordenamiento por serie o proyecto &#8211; Acervo personal.<\/span><\/li><li><span class=\"S1PPyQ\">Proyectos espec\u00edficos \/\/<\/span> <span class=\"S1PPyQ\">Iniciar un proyecto &#8211; C\u00f3mo retomar un proyecto &#8211; Cerrar y presentar un proyecto.<\/span><\/li><li><span class=\"S1PPyQ\">Realizar un Portfolio \/\/ <\/span><span class=\"S1PPyQ\">Qu\u00e9 es, para que sirve y hacia qui\u00e9n va dirigido (galer\u00edas, premios, becas o residencias).<\/span><\/li><li><span class=\"S1PPyQ\">Redactar la propia biograf\u00eda \/\/ <\/span><span class=\"S1PPyQ\">Diferencias entre una biograf\u00eda narrada y un curr\u00edculum art\u00edstico.<\/span><\/li><li><span class=\"S1PPyQ\">Elaborar un Statement \/\/<\/span><span class=\"S1PPyQ\"> La voz propia &#8211; Mi mirada sobre el mundo &#8211; Decisiones, objetivos, conceptualizaci\u00f3n.<\/span><\/li><li><span class=\"S1PPyQ\">Reconocer la escena, inscripci\u00f3n y visibilidad \/\/ <\/span><span class=\"S1PPyQ\">El circuito m\u00e1s af\u00edn a mi propuesta &#8211; Mis espacios de pertenencia.<\/span><\/li><\/ul><p class=\"_04xlpA direction-ltr align-justify para-style-body\"><strong><span class=\"S1PPyQ\">Modalidad:<\/span><\/strong><\/p><ul><li><span class=\"S1PPyQ\">Presencial \/\/<\/span> <span class=\"S1PPyQ\">(Taller personal Pablo Sina\u00ed &#8211; Visita al taller del consultante)<\/span><\/li><\/ul><p class=\"_04xlpA direction-ltr align-justify para-style-body\"><span class=\"S1PPyQ\">D\u00eda y horario: A convenir<\/span><\/p><ul><li><span class=\"S1PPyQ\">Online \/\/<\/span> <span class=\"S1PPyQ\">(plataforma Meet)<\/span><\/li><\/ul><p class=\"_04xlpA direction-ltr align-justify para-style-body\"><span class=\"S1PPyQ\">D\u00eda y horario: A convenir<\/span><\/p>\t\t\t\t\t\t\t\t<\/div>\n\t\t\t\t<\/div>\n\t\t\t\t\t<\/div>\n\t\t<\/div>\n\t\t\t\t\t<\/div>\n\t\t<\/section>\n\t\t\t\t<section class=\"elementor-section elementor-top-section elementor-element elementor-element-fc11bf6 elementor-section-boxed elementor-section-height-default elementor-section-height-default\" data-id=\"fc11bf6\" data-element_type=\"section\">\n\t\t\t\t\t\t<div class=\"elementor-container elementor-column-gap-default\">\n\t\t\t\t\t<div class=\"elementor-column elementor-col-33 elementor-top-column elementor-element elementor-element-7c3bead\" data-id=\"7c3bead\" data-element_type=\"column\">\n\t\t\t<div class=\"elementor-widget-wrap\">\n\t\t\t\t\t\t\t<\/div>\n\t\t<\/div>\n\t\t\t\t<div class=\"elementor-column elementor-col-66 elementor-top-column elementor-element elementor-element-f98166f\" data-id=\"f98166f\" data-element_type=\"column\">\n\t\t\t<div class=\"elementor-widget-wrap elementor-element-populated\">\n\t\t\t\t\t\t<div class=\"elementor-element elementor-element-92a97d6 elementor-widget elementor-widget-button\" data-id=\"92a97d6\" data-element_type=\"widget\" data-widget_type=\"button.default\">\n\t\t\t\t<div class=\"elementor-widget-container\">\n\t\t\t\t\t\t\t\t\t<div class=\"elementor-button-wrapper\">\n\t\t\t\t\t<a class=\"elementor-button elementor-button-link elementor-size-sm\" href=\"https:\/\/wa.me\/5491152609736?text=Hola,%20Pablo%20%20Quiero%20saber%20acerca%20de%20las%20asesor\u00edas\" target=\"_blank\">\n\t\t\t\t\t\t<span class=\"elementor-button-content-wrapper\">\n\t\t\t\t\t\t<span class=\"elementor-button-icon\">\n\t\t\t\t<i aria-hidden=\"true\" class=\"fab fa-whatsapp\"><\/i>\t\t\t<\/span>\n\t\t\t\t\t\t\t\t\t<span class=\"elementor-button-text\">Contactame por WhatsApp<\/span>\n\t\t\t\t\t<\/span>\n\t\t\t\t\t<\/a>\n\t\t\t\t<\/div>\n\t\t\t\t\t\t\t\t<\/div>\n\t\t\t\t<\/div>\n\t\t\t\t\t<\/div>\n\t\t<\/div>\n\t\t\t\t\t<\/div>\n\t\t<\/section>\n\t\t\t\t<section class=\"elementor-section elementor-top-section elementor-element elementor-element-a9d5548 elementor-section-boxed elementor-section-height-default elementor-section-height-default\" data-id=\"a9d5548\" data-element_type=\"section\">\n\t\t\t\t\t\t<div class=\"elementor-container elementor-column-gap-default\">\n\t\t\t\t\t<div class=\"elementor-column elementor-col-33 elementor-top-column elementor-element elementor-element-f2a2e88\" data-id=\"f2a2e88\" data-element_type=\"column\">\n\t\t\t<div class=\"elementor-widget-wrap\">\n\t\t\t\t\t\t\t<\/div>\n\t\t<\/div>\n\t\t\t\t<div class=\"elementor-column elementor-col-66 elementor-top-column elementor-element elementor-element-78ed144\" data-id=\"78ed144\" data-element_type=\"column\">\n\t\t\t<div class=\"elementor-widget-wrap elementor-element-populated\">\n\t\t\t\t\t\t<div class=\"elementor-element elementor-element-be0dd66 elementor-widget elementor-widget-button\" data-id=\"be0dd66\" data-element_type=\"widget\" data-widget_type=\"button.default\">\n\t\t\t\t<div class=\"elementor-widget-container\">\n\t\t\t\t\t\t\t\t\t<div class=\"elementor-button-wrapper\">\n\t\t\t\t\t<a class=\"elementor-button elementor-button-link elementor-size-sm\" href=\"mailto:mitallerarte21@gmail.com\" target=\"_blank\">\n\t\t\t\t\t\t<span class=\"elementor-button-content-wrapper\">\n\t\t\t\t\t\t<span class=\"elementor-button-icon\">\n\t\t\t\t<i aria-hidden=\"true\" class=\"far fa-envelope\"><\/i>\t\t\t<\/span>\n\t\t\t\t\t\t\t\t\t<span class=\"elementor-button-text\">Contactame por mail<\/span>\n\t\t\t\t\t<\/span>\n\t\t\t\t\t<\/a>\n\t\t\t\t<\/div>\n\t\t\t\t\t\t\t\t<\/div>\n\t\t\t\t<\/div>\n\t\t\t\t\t<\/div>\n\t\t<\/div>\n\t\t\t\t\t<\/div>\n\t\t<\/section>\n\t\t\t\t<\/div>\n\t\t","protected":false},"excerpt":{"rendered":"<p>Acompa\u00f1amiento individual para Artistas Visuales Consultor\u00eda para artistas Se trata de un espacio personalizado para artistas en todas sus disciplinas y trayectorias, dedicado exclusivamente a la proyecci\u00f3n e inserci\u00f3n dentro del sistema de arte, mediante un conjunto de estrategias y herramientas vinculadas a la autogesti\u00f3n y profesionalizaci\u00f3n en su perfil y corpus de obra. Din\u00e1mica [&hellip;]<\/p>\n","protected":false},"author":1,"featured_media":0,"parent":0,"menu_order":0,"comment_status":"closed","ping_status":"closed","template":"","meta":{"_monsterinsights_skip_tracking":false,"_monsterinsights_sitenote_active":false,"_monsterinsights_sitenote_note":"","_monsterinsights_sitenote_category":0,"site-sidebar-layout":"no-sidebar","site-content-layout":"page-builder","ast-site-content-layout":"default","site-content-style":"default","site-sidebar-style":"default","ast-global-header-display":"","ast-banner-title-visibility":"","ast-main-header-display":"","ast-hfb-above-header-display":"","ast-hfb-below-header-display":"","ast-hfb-mobile-header-display":"","site-post-title":"disabled","ast-breadcrumbs-content":"","ast-featured-img":"disabled","footer-sml-layout":"","theme-transparent-header-meta":"","adv-header-id-meta":"","stick-header-meta":"","header-above-stick-meta":"","header-main-stick-meta":"","header-below-stick-meta":"","astra-migrate-meta-layouts":"default","ast-page-background-enabled":"default","ast-page-background-meta":{"desktop":{"background-color":"","background-image":"","background-repeat":"repeat","background-position":"center center","background-size":"auto","background-attachment":"scroll","background-type":"","background-media":"","overlay-type":"","overlay-color":"","overlay-opacity":"","overlay-gradient":""},"tablet":{"background-color":"","background-image":"","background-repeat":"repeat","background-position":"center center","background-size":"auto","background-attachment":"scroll","background-type":"","background-media":"","overlay-type":"","overlay-color":"","overlay-opacity":"","overlay-gradient":""},"mobile":{"background-color":"","background-image":"","background-repeat":"repeat","background-position":"center center","background-size":"auto","background-attachment":"scroll","background-type":"","background-media":"","overlay-type":"","overlay-color":"","overlay-opacity":"","overlay-gradient":""}},"ast-content-background-meta":{"desktop":{"background-color":"var(--ast-global-color-5)","background-image":"","background-repeat":"repeat","background-position":"center center","background-size":"auto","background-attachment":"scroll","background-type":"","background-media":"","overlay-type":"","overlay-color":"","overlay-opacity":"","overlay-gradient":""},"tablet":{"background-color":"var(--ast-global-color-5)","background-image":"","background-repeat":"repeat","background-position":"center center","background-size":"auto","background-attachment":"scroll","background-type":"","background-media":"","overlay-type":"","overlay-color":"","overlay-opacity":"","overlay-gradient":""},"mobile":{"background-color":"var(--ast-global-color-5)","background-image":"","background-repeat":"repeat","background-position":"center center","background-size":"auto","background-attachment":"scroll","background-type":"","background-media":"","overlay-type":"","overlay-color":"","overlay-opacity":"","overlay-gradient":""}},"footnotes":""},"class_list":["post-1315","page","type-page","status-publish","hentry"],"aioseo_notices":[],"_links":{"self":[{"href":"https:\/\/pablosinai.com\/index.php\/wp-json\/wp\/v2\/pages\/1315","targetHints":{"allow":["GET"]}}],"collection":[{"href":"https:\/\/pablosinai.com\/index.php\/wp-json\/wp\/v2\/pages"}],"about":[{"href":"https:\/\/pablosinai.com\/index.php\/wp-json\/wp\/v2\/types\/page"}],"author":[{"embeddable":true,"href":"https:\/\/pablosinai.com\/index.php\/wp-json\/wp\/v2\/users\/1"}],"replies":[{"embeddable":true,"href":"https:\/\/pablosinai.com\/index.php\/wp-json\/wp\/v2\/comments?post=1315"}],"version-history":[{"count":22,"href":"https:\/\/pablosinai.com\/index.php\/wp-json\/wp\/v2\/pages\/1315\/revisions"}],"predecessor-version":[{"id":1532,"href":"https:\/\/pablosinai.com\/index.php\/wp-json\/wp\/v2\/pages\/1315\/revisions\/1532"}],"wp:attachment":[{"href":"https:\/\/pablosinai.com\/index.php\/wp-json\/wp\/v2\/media?parent=1315"}],"curies":[{"name":"wp","href":"https:\/\/api.w.org\/{rel}","templated":true}]}}