{"id":1325,"date":"2023-01-13T15:43:23","date_gmt":"2023-01-13T18:43:23","guid":{"rendered":"https:\/\/pablosinai.com\/?page_id=1325"},"modified":"2024-02-16T18:07:33","modified_gmt":"2024-02-16T21:07:33","slug":"taller","status":"publish","type":"page","link":"https:\/\/pablosinai.com\/index.php\/taller\/","title":{"rendered":"Taller"},"content":{"rendered":"\t\t<div data-elementor-type=\"wp-page\" data-elementor-id=\"1325\" class=\"elementor elementor-1325\">\n\t\t\t\t\t\t<section class=\"elementor-section elementor-top-section elementor-element elementor-element-7b9581f elementor-section-boxed elementor-section-height-default elementor-section-height-default\" data-id=\"7b9581f\" data-element_type=\"section\">\n\t\t\t\t\t\t<div class=\"elementor-container elementor-column-gap-default\">\n\t\t\t\t\t<div class=\"elementor-column elementor-col-33 elementor-top-column elementor-element elementor-element-f07bf44\" data-id=\"f07bf44\" data-element_type=\"column\">\n\t\t\t<div class=\"elementor-widget-wrap elementor-element-populated\">\n\t\t\t\t\t\t<div class=\"elementor-element elementor-element-6b689d2 elementor-widget elementor-widget-image\" data-id=\"6b689d2\" data-element_type=\"widget\" data-widget_type=\"image.default\">\n\t\t\t\t<div class=\"elementor-widget-container\">\n\t\t\t\t\t\t\t\t\t\t\t\t\t\t\t<img fetchpriority=\"high\" decoding=\"async\" width=\"300\" height=\"300\" src=\"https:\/\/pablosinai.com\/wp-content\/uploads\/2024\/01\/2-300x300.jpg\" class=\"attachment-medium size-medium wp-image-1398\" alt=\"\" srcset=\"https:\/\/pablosinai.com\/wp-content\/uploads\/2024\/01\/2-300x300.jpg 300w, https:\/\/pablosinai.com\/wp-content\/uploads\/2024\/01\/2-1024x1024.jpg 1024w, https:\/\/pablosinai.com\/wp-content\/uploads\/2024\/01\/2-150x150.jpg 150w, https:\/\/pablosinai.com\/wp-content\/uploads\/2024\/01\/2-768x768.jpg 768w, https:\/\/pablosinai.com\/wp-content\/uploads\/2024\/01\/2.jpg 1188w\" sizes=\"(max-width: 300px) 100vw, 300px\" \/>\t\t\t\t\t\t\t\t\t\t\t\t\t\t\t<\/div>\n\t\t\t\t<\/div>\n\t\t\t\t\t<\/div>\n\t\t<\/div>\n\t\t\t\t<div class=\"elementor-column elementor-col-66 elementor-top-column elementor-element elementor-element-7cb3efe\" data-id=\"7cb3efe\" data-element_type=\"column\">\n\t\t\t<div class=\"elementor-widget-wrap elementor-element-populated\">\n\t\t\t\t\t\t<div class=\"elementor-element elementor-element-b40d128 elementor-widget elementor-widget-heading\" data-id=\"b40d128\" data-element_type=\"widget\" data-widget_type=\"heading.default\">\n\t\t\t\t<div class=\"elementor-widget-container\">\n\t\t\t\t\t<h1 class=\"elementor-heading-title elementor-size-medium\"><span class=\"S1PPyQ\" style=\"font-weight: 700;font-style: normal;text-decoration: none\">Taller anual de Artes Visuales<\/span><span class=\"S1PPyQ white-space-prewrap\" style=\"font-weight: 700;font-style: normal;text-decoration: none\"> <\/span><\/h1>\t\t\t\t<\/div>\n\t\t\t\t<\/div>\n\t\t\t\t<div class=\"elementor-element elementor-element-82fc990 elementor-widget elementor-widget-text-editor\" data-id=\"82fc990\" data-element_type=\"widget\" data-widget_type=\"text-editor.default\">\n\t\t\t\t<div class=\"elementor-widget-container\">\n\t\t\t\t\t\t\t\t\t<p><span style=\"color: #000000; font-weight: bold; font-style: italic; text-decoration: none;\">Espacio de producci\u00f3n y an\u00e1lisis de obra<\/span><\/p><p><span style=\"font-weight: 400;\">El taller propone ser un lugar de encuentro colectivo, en donde puedas desarrollar toda tu\u00a0creatividad, pero tambi\u00e9n un espacio de ense\u00f1anza y aprendizaje.\u00a0<\/span><\/p><p><span style=\"font-weight: 400;\">Mi principal objetivo es que\u00a0puedas conocer, desarrollar y estimular aquellos aspectos formales, t\u00e9cnicos y te\u00f3ricos dentro de tu\u00a0pr\u00e1ctica art\u00edstica.<\/span><\/p><p><span style=\"font-weight: 400;\">Est\u00e1 dirigido<\/span><span style=\"font-weight: 400;\"> a toda persona interesada en las Artes Visuales, independientemente de su nivel de experiencia. Es apto para principiantes o de nivel intermedio.<\/span><\/p><p><span style=\"font-weight: 400;\">Contar\u00e1s con un lugar amplio, iluminado y climatizado para que las clases de desarrollen c\u00f3modamente: con mesas amplias, atriles, tablones y espacio para trabajar sobre la pared.<\/span><\/p><p><span style=\"font-weight: 400;\">Adem\u00e1s tendr\u00e1s a tu disposici\u00f3n una biblioteca con material de lectura, manuales y cat\u00e1logos de muestras nacionales e internacionales para usar de referencia.\u00a0<\/span><\/p><p><span style=\"font-weight: 400;\">No es necesario que traigas las herramientas fundamentales como reglas, escuadras, compases, etc. Lo \u00fanico que vas a necesitar son aquellos materiales propios y personales de tu producci\u00f3n.\u00a0 \u00a0 <\/span><\/p><p><span style=\"font-weight: 400;\">\u00bfD\u00f3nde? en El Palomar, solo dos cuadras de la estaci\u00f3n del tren San Mart\u00edn.\u00a0 \u00a0<\/span><\/p><p><span style=\"font-weight: 400;\">Ya se est\u00e1 conformando el grupo que iniciar\u00e1 en marzo, si te interesa comenzar, mandame un mensaje y te cuento sobre los d\u00edas y horarios disponibles.<\/span><\/p>\t\t\t\t\t\t\t\t<\/div>\n\t\t\t\t<\/div>\n\t\t\t\t\t<\/div>\n\t\t<\/div>\n\t\t\t\t\t<\/div>\n\t\t<\/section>\n\t\t\t\t<section class=\"elementor-section elementor-top-section elementor-element elementor-element-fc11bf6 elementor-section-boxed elementor-section-height-default elementor-section-height-default\" data-id=\"fc11bf6\" data-element_type=\"section\">\n\t\t\t\t\t\t<div class=\"elementor-container elementor-column-gap-default\">\n\t\t\t\t\t<div class=\"elementor-column elementor-col-33 elementor-top-column elementor-element elementor-element-7c3bead\" data-id=\"7c3bead\" data-element_type=\"column\">\n\t\t\t<div class=\"elementor-widget-wrap\">\n\t\t\t\t\t\t\t<\/div>\n\t\t<\/div>\n\t\t\t\t<div class=\"elementor-column elementor-col-66 elementor-top-column elementor-element elementor-element-f98166f\" data-id=\"f98166f\" data-element_type=\"column\">\n\t\t\t<div class=\"elementor-widget-wrap elementor-element-populated\">\n\t\t\t\t\t\t<div class=\"elementor-element elementor-element-92a97d6 elementor-widget elementor-widget-button\" data-id=\"92a97d6\" data-element_type=\"widget\" data-widget_type=\"button.default\">\n\t\t\t\t<div class=\"elementor-widget-container\">\n\t\t\t\t\t\t\t\t\t<div class=\"elementor-button-wrapper\">\n\t\t\t\t\t<a class=\"elementor-button elementor-button-link elementor-size-sm\" href=\"https:\/\/wa.me\/5491152609736?text=Hola,%20Pablo%20%20Quiero%20inscribirme%20al%20taller%20de%20producci\u00f3n\" target=\"_blank\">\n\t\t\t\t\t\t<span class=\"elementor-button-content-wrapper\">\n\t\t\t\t\t\t<span class=\"elementor-button-icon\">\n\t\t\t\t<i aria-hidden=\"true\" class=\"fab fa-whatsapp\"><\/i>\t\t\t<\/span>\n\t\t\t\t\t\t\t\t\t<span class=\"elementor-button-text\">Inscribite por WhatsApp<\/span>\n\t\t\t\t\t<\/span>\n\t\t\t\t\t<\/a>\n\t\t\t\t<\/div>\n\t\t\t\t\t\t\t\t<\/div>\n\t\t\t\t<\/div>\n\t\t\t\t\t<\/div>\n\t\t<\/div>\n\t\t\t\t\t<\/div>\n\t\t<\/section>\n\t\t\t\t<section class=\"elementor-section elementor-top-section elementor-element elementor-element-a9d5548 elementor-section-boxed elementor-section-height-default elementor-section-height-default\" data-id=\"a9d5548\" data-element_type=\"section\">\n\t\t\t\t\t\t<div class=\"elementor-container elementor-column-gap-default\">\n\t\t\t\t\t<div class=\"elementor-column elementor-col-33 elementor-top-column elementor-element elementor-element-f2a2e88\" data-id=\"f2a2e88\" data-element_type=\"column\">\n\t\t\t<div class=\"elementor-widget-wrap\">\n\t\t\t\t\t\t\t<\/div>\n\t\t<\/div>\n\t\t\t\t<div class=\"elementor-column elementor-col-66 elementor-top-column elementor-element elementor-element-78ed144\" data-id=\"78ed144\" data-element_type=\"column\">\n\t\t\t<div class=\"elementor-widget-wrap elementor-element-populated\">\n\t\t\t\t\t\t<div class=\"elementor-element elementor-element-be0dd66 elementor-widget elementor-widget-button\" data-id=\"be0dd66\" data-element_type=\"widget\" data-widget_type=\"button.default\">\n\t\t\t\t<div class=\"elementor-widget-container\">\n\t\t\t\t\t\t\t\t\t<div class=\"elementor-button-wrapper\">\n\t\t\t\t\t<a class=\"elementor-button elementor-button-link elementor-size-sm\" href=\"mailto:mitallerarte21@gmail.com\" target=\"_blank\">\n\t\t\t\t\t\t<span class=\"elementor-button-content-wrapper\">\n\t\t\t\t\t\t<span class=\"elementor-button-icon\">\n\t\t\t\t<i aria-hidden=\"true\" class=\"far fa-envelope\"><\/i>\t\t\t<\/span>\n\t\t\t\t\t\t\t\t\t<span class=\"elementor-button-text\">Inscribite por mail<\/span>\n\t\t\t\t\t<\/span>\n\t\t\t\t\t<\/a>\n\t\t\t\t<\/div>\n\t\t\t\t\t\t\t\t<\/div>\n\t\t\t\t<\/div>\n\t\t\t\t\t<\/div>\n\t\t<\/div>\n\t\t\t\t\t<\/div>\n\t\t<\/section>\n\t\t\t\t<\/div>\n\t\t","protected":false},"excerpt":{"rendered":"<p>Taller anual de Artes Visuales Espacio de producci\u00f3n y an\u00e1lisis de obra El taller propone ser un lugar de encuentro colectivo, en donde puedas desarrollar toda tu\u00a0creatividad, pero tambi\u00e9n un espacio de ense\u00f1anza y aprendizaje.\u00a0 Mi principal objetivo es que\u00a0puedas conocer, desarrollar y estimular aquellos aspectos formales, t\u00e9cnicos y te\u00f3ricos dentro de tu\u00a0pr\u00e1ctica art\u00edstica. Est\u00e1 [&hellip;]<\/p>\n","protected":false},"author":1,"featured_media":0,"parent":0,"menu_order":0,"comment_status":"closed","ping_status":"closed","template":"","meta":{"_monsterinsights_skip_tracking":false,"_monsterinsights_sitenote_active":false,"_monsterinsights_sitenote_note":"","_monsterinsights_sitenote_category":0,"site-sidebar-layout":"no-sidebar","site-content-layout":"page-builder","ast-site-content-layout":"default","site-content-style":"default","site-sidebar-style":"default","ast-global-header-display":"","ast-banner-title-visibility":"","ast-main-header-display":"","ast-hfb-above-header-display":"","ast-hfb-below-header-display":"","ast-hfb-mobile-header-display":"","site-post-title":"disabled","ast-breadcrumbs-content":"","ast-featured-img":"disabled","footer-sml-layout":"","theme-transparent-header-meta":"","adv-header-id-meta":"","stick-header-meta":"","header-above-stick-meta":"","header-main-stick-meta":"","header-below-stick-meta":"","astra-migrate-meta-layouts":"default","ast-page-background-enabled":"default","ast-page-background-meta":{"desktop":{"background-color":"","background-image":"","background-repeat":"repeat","background-position":"center center","background-size":"auto","background-attachment":"scroll","background-type":"","background-media":"","overlay-type":"","overlay-color":"","overlay-opacity":"","overlay-gradient":""},"tablet":{"background-color":"","background-image":"","background-repeat":"repeat","background-position":"center center","background-size":"auto","background-attachment":"scroll","background-type":"","background-media":"","overlay-type":"","overlay-color":"","overlay-opacity":"","overlay-gradient":""},"mobile":{"background-color":"","background-image":"","background-repeat":"repeat","background-position":"center center","background-size":"auto","background-attachment":"scroll","background-type":"","background-media":"","overlay-type":"","overlay-color":"","overlay-opacity":"","overlay-gradient":""}},"ast-content-background-meta":{"desktop":{"background-color":"var(--ast-global-color-5)","background-image":"","background-repeat":"repeat","background-position":"center center","background-size":"auto","background-attachment":"scroll","background-type":"","background-media":"","overlay-type":"","overlay-color":"","overlay-opacity":"","overlay-gradient":""},"tablet":{"background-color":"var(--ast-global-color-5)","background-image":"","background-repeat":"repeat","background-position":"center center","background-size":"auto","background-attachment":"scroll","background-type":"","background-media":"","overlay-type":"","overlay-color":"","overlay-opacity":"","overlay-gradient":""},"mobile":{"background-color":"var(--ast-global-color-5)","background-image":"","background-repeat":"repeat","background-position":"center center","background-size":"auto","background-attachment":"scroll","background-type":"","background-media":"","overlay-type":"","overlay-color":"","overlay-opacity":"","overlay-gradient":""}},"footnotes":""},"class_list":["post-1325","page","type-page","status-publish","hentry"],"aioseo_notices":[],"_links":{"self":[{"href":"https:\/\/pablosinai.com\/index.php\/wp-json\/wp\/v2\/pages\/1325","targetHints":{"allow":["GET"]}}],"collection":[{"href":"https:\/\/pablosinai.com\/index.php\/wp-json\/wp\/v2\/pages"}],"about":[{"href":"https:\/\/pablosinai.com\/index.php\/wp-json\/wp\/v2\/types\/page"}],"author":[{"embeddable":true,"href":"https:\/\/pablosinai.com\/index.php\/wp-json\/wp\/v2\/users\/1"}],"replies":[{"embeddable":true,"href":"https:\/\/pablosinai.com\/index.php\/wp-json\/wp\/v2\/comments?post=1325"}],"version-history":[{"count":22,"href":"https:\/\/pablosinai.com\/index.php\/wp-json\/wp\/v2\/pages\/1325\/revisions"}],"predecessor-version":[{"id":1456,"href":"https:\/\/pablosinai.com\/index.php\/wp-json\/wp\/v2\/pages\/1325\/revisions\/1456"}],"wp:attachment":[{"href":"https:\/\/pablosinai.com\/index.php\/wp-json\/wp\/v2\/media?parent=1325"}],"curies":[{"name":"wp","href":"https:\/\/api.w.org\/{rel}","templated":true}]}}