{"id":1327,"date":"2023-01-13T15:44:03","date_gmt":"2023-01-13T18:44:03","guid":{"rendered":"https:\/\/pablosinai.com\/?page_id=1327"},"modified":"2026-01-07T19:32:22","modified_gmt":"2026-01-07T22:32:22","slug":"milresonancias","status":"publish","type":"page","link":"https:\/\/pablosinai.com\/index.php\/milresonancias\/","title":{"rendered":"La Caja"},"content":{"rendered":"\t\t<div data-elementor-type=\"wp-page\" data-elementor-id=\"1327\" class=\"elementor elementor-1327\">\n\t\t\t\t\t\t<section class=\"elementor-section elementor-top-section elementor-element elementor-element-7b9581f elementor-section-boxed elementor-section-height-default elementor-section-height-default\" data-id=\"7b9581f\" data-element_type=\"section\">\n\t\t\t\t\t\t<div class=\"elementor-container elementor-column-gap-default\">\n\t\t\t\t\t<div class=\"elementor-column elementor-col-33 elementor-top-column elementor-element elementor-element-f07bf44\" data-id=\"f07bf44\" data-element_type=\"column\">\n\t\t\t<div class=\"elementor-widget-wrap elementor-element-populated\">\n\t\t\t\t\t\t<div class=\"elementor-element elementor-element-6b689d2 elementor-widget elementor-widget-image\" data-id=\"6b689d2\" data-element_type=\"widget\" data-widget_type=\"image.default\">\n\t\t\t\t<div class=\"elementor-widget-container\">\n\t\t\t\t\t\t\t\t\t\t\t\t\t\t\t<img fetchpriority=\"high\" decoding=\"async\" width=\"300\" height=\"300\" src=\"https:\/\/pablosinai.com\/wp-content\/uploads\/2025\/01\/FLYER-FORMACION-300x300.png\" class=\"attachment-medium size-medium wp-image-1513\" alt=\"\" srcset=\"https:\/\/pablosinai.com\/wp-content\/uploads\/2025\/01\/FLYER-FORMACION-300x300.png 300w, https:\/\/pablosinai.com\/wp-content\/uploads\/2025\/01\/FLYER-FORMACION-150x150.png 150w, https:\/\/pablosinai.com\/wp-content\/uploads\/2025\/01\/FLYER-FORMACION.png 500w\" sizes=\"(max-width: 300px) 100vw, 300px\" \/>\t\t\t\t\t\t\t\t\t\t\t\t\t\t\t<\/div>\n\t\t\t\t<\/div>\n\t\t\t\t\t<\/div>\n\t\t<\/div>\n\t\t\t\t<div class=\"elementor-column elementor-col-66 elementor-top-column elementor-element elementor-element-7cb3efe\" data-id=\"7cb3efe\" data-element_type=\"column\">\n\t\t\t<div class=\"elementor-widget-wrap elementor-element-populated\">\n\t\t\t\t\t\t<div class=\"elementor-element elementor-element-b40d128 elementor-widget elementor-widget-heading\" data-id=\"b40d128\" data-element_type=\"widget\" data-widget_type=\"heading.default\">\n\t\t\t\t<div class=\"elementor-widget-container\">\n\t\t\t\t\t<h1 class=\"elementor-heading-title elementor-size-medium\"><span class=\"S1PPyQ\" style=\"font-weight: 700;font-style: normal;text-decoration: none\">Seminario de formaci\u00f3n para Artistas<\/span><\/h1>\t\t\t\t<\/div>\n\t\t\t\t<\/div>\n\t\t\t\t<div class=\"elementor-element elementor-element-683caaf elementor-widget elementor-widget-text-editor\" data-id=\"683caaf\" data-element_type=\"widget\" data-widget_type=\"text-editor.default\">\n\t\t\t\t<div class=\"elementor-widget-container\">\n\t\t\t\t\t\t\t\t\t<p><strong><em>Mil resonancias y un desborde<br><\/em><\/strong>Coordina: Pablo Sina\u00ed<\/p>\n<p><strong>Actividad: <\/strong>Taller te\u00f3rico\/pr\u00e1ctico de an\u00e1lisis y producci\u00f3n en Arte Contempor\u00e1neo<br><strong>Modalidad:&nbsp;<\/strong><em><span style=\"font-weight: inherit; background-color: var(--ast-global-color-4); color: var(--ast-global-color-3);\">Presencial<\/span><\/em> <span style=\"font-style: inherit; font-weight: inherit; background-color: var(--ast-global-color-4); color: var(--ast-global-color-3);\">&#8211; The Art Factory Studio: Mario Bravo 390, CABA, Buenos Aires, Argentina.<\/span><\/p>\n<p><strong>Dirigido a:<\/strong> Artistas en todas sus disciplinas, pr\u00e1cticas y trayectorias.<\/p>\n<p>Este seminario propone brindar a lxs artistas, un conjunto de herramientas que expandan el propio repertorio o campo de acci\u00f3n en su cuerpo de obra. Se abordar\u00e1n aspectos vinculados a lo discursivo, lo procedimental y la materialidad de sus propuestas, as\u00ed como tambi\u00e9n sobre la gesti\u00f3n y profesionalizaci\u00f3n de sus carreras, entre otras actividades.<\/p>\n<p>Durante cada encuentro y a trav\u00e9s de consignas espec\u00edficas, habilitaremos un espacio para el estado de pregunta como amplificadora de sentidos, con la intenci\u00f3n de detectar en nuestra pr\u00e1ctica, aquello que a\u00fan sin ser nombrado acontece y que sin embargo nos convoca.<\/p>\n<p><strong>Condiciones:<\/strong><\/p>\n<p>La participaci\u00f3n ser\u00e1 mediante inscripci\u00f3n previa, con cupos limitados.&nbsp;<\/p>\n<p><strong>Din\u00e1mica de trabajo:<\/strong><\/p>\n<p>El cronograma de contenidos propone durante cada reuni\u00f3n, una din\u00e1mica de an\u00e1lisis y revisi\u00f3n de nuestras pr\u00e1cticas, mediante un conjunto de consignas, segmentadas por etapas y con objetivos espec\u00edficos. Cada asistente tendr\u00e1 la posibilidad de desarrollarlas y presentarlas durante cada encuentro junto al resto de sus compa\u00f1erxs.<\/p>\n<p><strong style=\"font-style: inherit;\">Fechas de cursada:<\/strong><span style=\"font-style: inherit; font-weight: inherit;\">&nbsp;Viernes 16, 23 y 30 de enero y viernes 6 y 13 de febrero.<br><\/span>El cronograma propone un total de 5 encuentros. Cada reuni\u00f3n tendr\u00e1 una duraci\u00f3n de 3h.<\/p>\n<p>Para inscribirte al Seminario y reservar tu vacante, deber\u00e1s enviar por mail un \u00fanico archivo en PDF a <a draggable=\"false\" href=\"mailto:milresonancias@gmail.com\" target=\"_blank\" rel=\"noopener\">milresonancias@gmail.com<\/a> que incluya: Datos personales (nombre y apellido, lugar de residencia, tel\u00e9fono de contacto y link a redes sociales). Un m\u00e1ximo de 6 im\u00e1genes de obra o pr\u00e1ctica espec\u00edfica (otro tipo de registros como material audiovisual o sonoro, adjuntar link). Se deber\u00e1 tambi\u00e9n incluir una biograf\u00eda narrada y en un breve p\u00e1rrafo comentar el motivo por el cual se desea participar.<\/p>\n<p>Arancel promocional de verano: $125.000 (ciento veinticinco mil pesos argentinos)<\/p>\n<p>\u00bfTen\u00e9s alguna consulta sobre el seminario antes de sumarte? Escribime a <a href=\"mailto:milresonancias@gmail.com\">milresonancias@gmail.com <\/a>y te estar\u00e9 respondiendo a la brevedad.<\/p>\t\t\t\t\t\t\t\t<\/div>\n\t\t\t\t<\/div>\n\t\t\t\t\t<\/div>\n\t\t<\/div>\n\t\t\t\t\t<\/div>\n\t\t<\/section>\n\t\t\t\t<section class=\"elementor-section elementor-top-section elementor-element elementor-element-b65c98a elementor-section-boxed elementor-section-height-default elementor-section-height-default\" data-id=\"b65c98a\" data-element_type=\"section\">\n\t\t\t\t\t\t<div class=\"elementor-container elementor-column-gap-default\">\n\t\t\t\t\t<div class=\"elementor-column elementor-col-100 elementor-top-column elementor-element elementor-element-b65fb27\" data-id=\"b65fb27\" data-element_type=\"column\">\n\t\t\t<div class=\"elementor-widget-wrap elementor-element-populated\">\n\t\t\t\t\t\t<div class=\"elementor-element elementor-element-68d8bca elementor-arrows-position-inside elementor-pagination-position-outside elementor-widget elementor-widget-image-carousel\" data-id=\"68d8bca\" data-element_type=\"widget\" data-settings=\"{&quot;navigation&quot;:&quot;both&quot;,&quot;autoplay&quot;:&quot;yes&quot;,&quot;pause_on_hover&quot;:&quot;yes&quot;,&quot;pause_on_interaction&quot;:&quot;yes&quot;,&quot;autoplay_speed&quot;:5000,&quot;infinite&quot;:&quot;yes&quot;,&quot;speed&quot;:500}\" data-widget_type=\"image-carousel.default\">\n\t\t\t\t<div class=\"elementor-widget-container\">\n\t\t\t\t\t\t\t<div class=\"elementor-image-carousel-wrapper swiper\" role=\"region\" aria-roledescription=\"carousel\" aria-label=\"Carrusel de im\u00e1genes\" dir=\"ltr\">\n\t\t\t<div class=\"elementor-image-carousel swiper-wrapper\" aria-live=\"off\">\n\t\t\t\t\t\t\t\t<div class=\"swiper-slide\" role=\"group\" aria-roledescription=\"slide\" aria-label=\"1 of 10\"><a data-elementor-open-lightbox=\"yes\" data-elementor-lightbox-slideshow=\"68d8bca\" data-elementor-lightbox-title=\"3\" data-e-action-hash=\"#elementor-action%3Aaction%3Dlightbox%26settings%3DeyJpZCI6MTc1OSwidXJsIjoiaHR0cHM6XC9cL3BhYmxvc2luYWkuY29tXC93cC1jb250ZW50XC91cGxvYWRzXC8yMDI1XC8wOVwvMy0xLnBuZyIsInNsaWRlc2hvdyI6IjY4ZDhiY2EifQ%3D%3D\" href=\"https:\/\/pablosinai.com\/wp-content\/uploads\/2025\/09\/3-1.png\"><figure class=\"swiper-slide-inner\"><img decoding=\"async\" class=\"swiper-slide-image\" src=\"https:\/\/pablosinai.com\/wp-content\/uploads\/2025\/09\/3-1-300x300.png\" alt=\"3\" \/><\/figure><\/a><\/div><div class=\"swiper-slide\" role=\"group\" aria-roledescription=\"slide\" aria-label=\"2 of 10\"><a data-elementor-open-lightbox=\"yes\" data-elementor-lightbox-slideshow=\"68d8bca\" data-elementor-lightbox-title=\"6\" data-e-action-hash=\"#elementor-action%3Aaction%3Dlightbox%26settings%3DeyJpZCI6MTc2MiwidXJsIjoiaHR0cHM6XC9cL3BhYmxvc2luYWkuY29tXC93cC1jb250ZW50XC91cGxvYWRzXC8yMDI1XC8wOVwvNi0xLnBuZyIsInNsaWRlc2hvdyI6IjY4ZDhiY2EifQ%3D%3D\" href=\"https:\/\/pablosinai.com\/wp-content\/uploads\/2025\/09\/6-1.png\"><figure class=\"swiper-slide-inner\"><img decoding=\"async\" class=\"swiper-slide-image\" src=\"https:\/\/pablosinai.com\/wp-content\/uploads\/2025\/09\/6-1-300x300.png\" alt=\"6\" \/><\/figure><\/a><\/div><div class=\"swiper-slide\" role=\"group\" aria-roledescription=\"slide\" aria-label=\"3 of 10\"><a data-elementor-open-lightbox=\"yes\" data-elementor-lightbox-slideshow=\"68d8bca\" data-elementor-lightbox-title=\"10\" data-e-action-hash=\"#elementor-action%3Aaction%3Dlightbox%26settings%3DeyJpZCI6MTc2NywidXJsIjoiaHR0cHM6XC9cL3BhYmxvc2luYWkuY29tXC93cC1jb250ZW50XC91cGxvYWRzXC8yMDI1XC8wOVwvMTAtMS5wbmciLCJzbGlkZXNob3ciOiI2OGQ4YmNhIn0%3D\" href=\"https:\/\/pablosinai.com\/wp-content\/uploads\/2025\/09\/10-1.png\"><figure class=\"swiper-slide-inner\"><img decoding=\"async\" class=\"swiper-slide-image\" src=\"https:\/\/pablosinai.com\/wp-content\/uploads\/2025\/09\/10-1-300x300.png\" alt=\"10\" \/><\/figure><\/a><\/div><div class=\"swiper-slide\" role=\"group\" aria-roledescription=\"slide\" aria-label=\"4 of 10\"><a data-elementor-open-lightbox=\"yes\" data-elementor-lightbox-slideshow=\"68d8bca\" data-elementor-lightbox-title=\"2\" data-e-action-hash=\"#elementor-action%3Aaction%3Dlightbox%26settings%3DeyJpZCI6MTc1OCwidXJsIjoiaHR0cHM6XC9cL3BhYmxvc2luYWkuY29tXC93cC1jb250ZW50XC91cGxvYWRzXC8yMDI1XC8wOVwvMi0xLnBuZyIsInNsaWRlc2hvdyI6IjY4ZDhiY2EifQ%3D%3D\" href=\"https:\/\/pablosinai.com\/wp-content\/uploads\/2025\/09\/2-1.png\"><figure class=\"swiper-slide-inner\"><img decoding=\"async\" class=\"swiper-slide-image\" src=\"https:\/\/pablosinai.com\/wp-content\/uploads\/2025\/09\/2-1-300x300.png\" alt=\"2\" \/><\/figure><\/a><\/div><div class=\"swiper-slide\" role=\"group\" aria-roledescription=\"slide\" aria-label=\"5 of 10\"><a data-elementor-open-lightbox=\"yes\" data-elementor-lightbox-slideshow=\"68d8bca\" data-elementor-lightbox-title=\"4\" data-e-action-hash=\"#elementor-action%3Aaction%3Dlightbox%26settings%3DeyJpZCI6MTc2MCwidXJsIjoiaHR0cHM6XC9cL3BhYmxvc2luYWkuY29tXC93cC1jb250ZW50XC91cGxvYWRzXC8yMDI1XC8wOVwvNC0xLnBuZyIsInNsaWRlc2hvdyI6IjY4ZDhiY2EifQ%3D%3D\" href=\"https:\/\/pablosinai.com\/wp-content\/uploads\/2025\/09\/4-1.png\"><figure class=\"swiper-slide-inner\"><img decoding=\"async\" class=\"swiper-slide-image\" src=\"https:\/\/pablosinai.com\/wp-content\/uploads\/2025\/09\/4-1-300x300.png\" alt=\"4\" \/><\/figure><\/a><\/div><div class=\"swiper-slide\" role=\"group\" aria-roledescription=\"slide\" aria-label=\"6 of 10\"><a data-elementor-open-lightbox=\"yes\" data-elementor-lightbox-slideshow=\"68d8bca\" data-elementor-lightbox-title=\"8\" data-e-action-hash=\"#elementor-action%3Aaction%3Dlightbox%26settings%3DeyJpZCI6MTc2NSwidXJsIjoiaHR0cHM6XC9cL3BhYmxvc2luYWkuY29tXC93cC1jb250ZW50XC91cGxvYWRzXC8yMDI1XC8wOVwvOC0xLnBuZyIsInNsaWRlc2hvdyI6IjY4ZDhiY2EifQ%3D%3D\" href=\"https:\/\/pablosinai.com\/wp-content\/uploads\/2025\/09\/8-1.png\"><figure class=\"swiper-slide-inner\"><img decoding=\"async\" class=\"swiper-slide-image\" src=\"https:\/\/pablosinai.com\/wp-content\/uploads\/2025\/09\/8-1-300x300.png\" alt=\"8\" \/><\/figure><\/a><\/div><div class=\"swiper-slide\" role=\"group\" aria-roledescription=\"slide\" aria-label=\"7 of 10\"><a data-elementor-open-lightbox=\"yes\" data-elementor-lightbox-slideshow=\"68d8bca\" data-elementor-lightbox-title=\"5\" data-e-action-hash=\"#elementor-action%3Aaction%3Dlightbox%26settings%3DeyJpZCI6MTc2MSwidXJsIjoiaHR0cHM6XC9cL3BhYmxvc2luYWkuY29tXC93cC1jb250ZW50XC91cGxvYWRzXC8yMDI1XC8wOVwvNS0xLnBuZyIsInNsaWRlc2hvdyI6IjY4ZDhiY2EifQ%3D%3D\" href=\"https:\/\/pablosinai.com\/wp-content\/uploads\/2025\/09\/5-1.png\"><figure class=\"swiper-slide-inner\"><img decoding=\"async\" class=\"swiper-slide-image\" src=\"https:\/\/pablosinai.com\/wp-content\/uploads\/2025\/09\/5-1-300x300.png\" alt=\"5\" \/><\/figure><\/a><\/div><div class=\"swiper-slide\" role=\"group\" aria-roledescription=\"slide\" aria-label=\"8 of 10\"><a data-elementor-open-lightbox=\"yes\" data-elementor-lightbox-slideshow=\"68d8bca\" data-elementor-lightbox-title=\"7\" data-e-action-hash=\"#elementor-action%3Aaction%3Dlightbox%26settings%3DeyJpZCI6MTc2NCwidXJsIjoiaHR0cHM6XC9cL3BhYmxvc2luYWkuY29tXC93cC1jb250ZW50XC91cGxvYWRzXC8yMDI1XC8wOVwvNy0xLnBuZyIsInNsaWRlc2hvdyI6IjY4ZDhiY2EifQ%3D%3D\" href=\"https:\/\/pablosinai.com\/wp-content\/uploads\/2025\/09\/7-1.png\"><figure class=\"swiper-slide-inner\"><img decoding=\"async\" class=\"swiper-slide-image\" src=\"https:\/\/pablosinai.com\/wp-content\/uploads\/2025\/09\/7-1-300x300.png\" alt=\"7\" \/><\/figure><\/a><\/div><div class=\"swiper-slide\" role=\"group\" aria-roledescription=\"slide\" aria-label=\"9 of 10\"><a data-elementor-open-lightbox=\"yes\" data-elementor-lightbox-slideshow=\"68d8bca\" data-elementor-lightbox-title=\"1\" data-e-action-hash=\"#elementor-action%3Aaction%3Dlightbox%26settings%3DeyJpZCI6MTc1NywidXJsIjoiaHR0cHM6XC9cL3BhYmxvc2luYWkuY29tXC93cC1jb250ZW50XC91cGxvYWRzXC8yMDI1XC8wOVwvMS0xLnBuZyIsInNsaWRlc2hvdyI6IjY4ZDhiY2EifQ%3D%3D\" href=\"https:\/\/pablosinai.com\/wp-content\/uploads\/2025\/09\/1-1.png\"><figure class=\"swiper-slide-inner\"><img decoding=\"async\" class=\"swiper-slide-image\" src=\"https:\/\/pablosinai.com\/wp-content\/uploads\/2025\/09\/1-1-300x300.png\" alt=\"1\" \/><\/figure><\/a><\/div><div class=\"swiper-slide\" role=\"group\" aria-roledescription=\"slide\" aria-label=\"10 of 10\"><a data-elementor-open-lightbox=\"yes\" data-elementor-lightbox-slideshow=\"68d8bca\" data-elementor-lightbox-title=\"9\" data-e-action-hash=\"#elementor-action%3Aaction%3Dlightbox%26settings%3DeyJpZCI6MTc2NiwidXJsIjoiaHR0cHM6XC9cL3BhYmxvc2luYWkuY29tXC93cC1jb250ZW50XC91cGxvYWRzXC8yMDI1XC8wOVwvOS0xLnBuZyIsInNsaWRlc2hvdyI6IjY4ZDhiY2EifQ%3D%3D\" href=\"https:\/\/pablosinai.com\/wp-content\/uploads\/2025\/09\/9-1.png\"><figure class=\"swiper-slide-inner\"><img decoding=\"async\" class=\"swiper-slide-image\" src=\"https:\/\/pablosinai.com\/wp-content\/uploads\/2025\/09\/9-1-300x300.png\" alt=\"9\" \/><\/figure><\/a><\/div>\t\t\t<\/div>\n\t\t\t\t\t\t\t\t\t\t\t\t<div class=\"elementor-swiper-button elementor-swiper-button-prev\" role=\"button\" tabindex=\"0\">\n\t\t\t\t\t\t<i aria-hidden=\"true\" class=\"eicon-chevron-left\"><\/i>\t\t\t\t\t<\/div>\n\t\t\t\t\t<div class=\"elementor-swiper-button elementor-swiper-button-next\" role=\"button\" tabindex=\"0\">\n\t\t\t\t\t\t<i aria-hidden=\"true\" class=\"eicon-chevron-right\"><\/i>\t\t\t\t\t<\/div>\n\t\t\t\t\n\t\t\t\t\t\t\t\t\t<div class=\"swiper-pagination\"><\/div>\n\t\t\t\t\t\t\t\t\t<\/div>\n\t\t\t\t\t\t<\/div>\n\t\t\t\t<\/div>\n\t\t\t\t\t<\/div>\n\t\t<\/div>\n\t\t\t\t\t<\/div>\n\t\t<\/section>\n\t\t\t\t<\/div>\n\t\t","protected":false},"excerpt":{"rendered":"<p>Seminario de formaci\u00f3n para Artistas Mil resonancias y un desbordeCoordina: Pablo Sina\u00ed Actividad: Taller te\u00f3rico\/pr\u00e1ctico de an\u00e1lisis y producci\u00f3n en Arte Contempor\u00e1neoModalidad:&nbsp;Presencial &#8211; The Art Factory Studio: Mario Bravo 390, CABA, Buenos Aires, Argentina. Dirigido a: Artistas en todas sus disciplinas, pr\u00e1cticas y trayectorias. Este seminario propone brindar a lxs artistas, un conjunto de herramientas [&hellip;]<\/p>\n","protected":false},"author":1,"featured_media":0,"parent":0,"menu_order":0,"comment_status":"closed","ping_status":"closed","template":"","meta":{"_monsterinsights_skip_tracking":false,"_monsterinsights_sitenote_active":false,"_monsterinsights_sitenote_note":"","_monsterinsights_sitenote_category":0,"site-sidebar-layout":"no-sidebar","site-content-layout":"page-builder","ast-site-content-layout":"default","site-content-style":"default","site-sidebar-style":"default","ast-global-header-display":"","ast-banner-title-visibility":"","ast-main-header-display":"","ast-hfb-above-header-display":"","ast-hfb-below-header-display":"","ast-hfb-mobile-header-display":"","site-post-title":"disabled","ast-breadcrumbs-content":"","ast-featured-img":"disabled","footer-sml-layout":"","theme-transparent-header-meta":"","adv-header-id-meta":"","stick-header-meta":"","header-above-stick-meta":"","header-main-stick-meta":"","header-below-stick-meta":"","astra-migrate-meta-layouts":"default","ast-page-background-enabled":"default","ast-page-background-meta":{"desktop":{"background-color":"","background-image":"","background-repeat":"repeat","background-position":"center center","background-size":"auto","background-attachment":"scroll","background-type":"","background-media":"","overlay-type":"","overlay-color":"","overlay-opacity":"","overlay-gradient":""},"tablet":{"background-color":"","background-image":"","background-repeat":"repeat","background-position":"center center","background-size":"auto","background-attachment":"scroll","background-type":"","background-media":"","overlay-type":"","overlay-color":"","overlay-opacity":"","overlay-gradient":""},"mobile":{"background-color":"","background-image":"","background-repeat":"repeat","background-position":"center center","background-size":"auto","background-attachment":"scroll","background-type":"","background-media":"","overlay-type":"","overlay-color":"","overlay-opacity":"","overlay-gradient":""}},"ast-content-background-meta":{"desktop":{"background-color":"var(--ast-global-color-5)","background-image":"","background-repeat":"repeat","background-position":"center center","background-size":"auto","background-attachment":"scroll","background-type":"","background-media":"","overlay-type":"","overlay-color":"","overlay-opacity":"","overlay-gradient":""},"tablet":{"background-color":"var(--ast-global-color-5)","background-image":"","background-repeat":"repeat","background-position":"center center","background-size":"auto","background-attachment":"scroll","background-type":"","background-media":"","overlay-type":"","overlay-color":"","overlay-opacity":"","overlay-gradient":""},"mobile":{"background-color":"var(--ast-global-color-5)","background-image":"","background-repeat":"repeat","background-position":"center center","background-size":"auto","background-attachment":"scroll","background-type":"","background-media":"","overlay-type":"","overlay-color":"","overlay-opacity":"","overlay-gradient":""}},"footnotes":""},"class_list":["post-1327","page","type-page","status-publish","hentry"],"aioseo_notices":[],"_links":{"self":[{"href":"https:\/\/pablosinai.com\/index.php\/wp-json\/wp\/v2\/pages\/1327","targetHints":{"allow":["GET"]}}],"collection":[{"href":"https:\/\/pablosinai.com\/index.php\/wp-json\/wp\/v2\/pages"}],"about":[{"href":"https:\/\/pablosinai.com\/index.php\/wp-json\/wp\/v2\/types\/page"}],"author":[{"embeddable":true,"href":"https:\/\/pablosinai.com\/index.php\/wp-json\/wp\/v2\/users\/1"}],"replies":[{"embeddable":true,"href":"https:\/\/pablosinai.com\/index.php\/wp-json\/wp\/v2\/comments?post=1327"}],"version-history":[{"count":110,"href":"https:\/\/pablosinai.com\/index.php\/wp-json\/wp\/v2\/pages\/1327\/revisions"}],"predecessor-version":[{"id":1805,"href":"https:\/\/pablosinai.com\/index.php\/wp-json\/wp\/v2\/pages\/1327\/revisions\/1805"}],"wp:attachment":[{"href":"https:\/\/pablosinai.com\/index.php\/wp-json\/wp\/v2\/media?parent=1327"}],"curies":[{"name":"wp","href":"https:\/\/api.w.org\/{rel}","templated":true}]}}