{"id":1544,"date":"2025-01-15T20:57:19","date_gmt":"2025-01-15T23:57:19","guid":{"rendered":"https:\/\/pablosinai.com\/?page_id=1544"},"modified":"2026-01-05T18:47:27","modified_gmt":"2026-01-05T21:47:27","slug":"lab-expandido","status":"publish","type":"page","link":"https:\/\/pablosinai.com\/index.php\/lab-expandido\/","title":{"rendered":"LAB-EXPANDIDO"},"content":{"rendered":"\t\t<div data-elementor-type=\"wp-page\" data-elementor-id=\"1544\" class=\"elementor elementor-1544\">\n\t\t\t\t\t\t<section class=\"elementor-section elementor-top-section elementor-element elementor-element-7b9581f elementor-section-boxed elementor-section-height-default elementor-section-height-default\" data-id=\"7b9581f\" data-element_type=\"section\">\n\t\t\t\t\t\t<div class=\"elementor-container elementor-column-gap-default\">\n\t\t\t\t\t<div class=\"elementor-column elementor-col-33 elementor-top-column elementor-element elementor-element-f07bf44\" data-id=\"f07bf44\" data-element_type=\"column\">\n\t\t\t<div class=\"elementor-widget-wrap elementor-element-populated\">\n\t\t\t\t\t\t<div class=\"elementor-element elementor-element-6b689d2 elementor-widget elementor-widget-image\" data-id=\"6b689d2\" data-element_type=\"widget\" data-widget_type=\"image.default\">\n\t\t\t\t<div class=\"elementor-widget-container\">\n\t\t\t\t\t\t\t\t\t\t\t\t\t\t\t<img fetchpriority=\"high\" decoding=\"async\" width=\"240\" height=\"300\" src=\"https:\/\/pablosinai.com\/wp-content\/uploads\/2026\/01\/LAB-2026-240x300.png\" class=\"attachment-medium size-medium wp-image-1778\" alt=\"\" srcset=\"https:\/\/pablosinai.com\/wp-content\/uploads\/2026\/01\/LAB-2026-240x300.png 240w, https:\/\/pablosinai.com\/wp-content\/uploads\/2026\/01\/LAB-2026-819x1024.png 819w, https:\/\/pablosinai.com\/wp-content\/uploads\/2026\/01\/LAB-2026-768x960.png 768w, https:\/\/pablosinai.com\/wp-content\/uploads\/2026\/01\/LAB-2026.png 1080w\" sizes=\"(max-width: 240px) 100vw, 240px\" \/>\t\t\t\t\t\t\t\t\t\t\t\t\t\t\t<\/div>\n\t\t\t\t<\/div>\n\t\t\t\t\t<\/div>\n\t\t<\/div>\n\t\t\t\t<div class=\"elementor-column elementor-col-66 elementor-top-column elementor-element elementor-element-7cb3efe\" data-id=\"7cb3efe\" data-element_type=\"column\">\n\t\t\t<div class=\"elementor-widget-wrap elementor-element-populated\">\n\t\t\t\t\t\t<div class=\"elementor-element elementor-element-b40d128 elementor-widget elementor-widget-heading\" data-id=\"b40d128\" data-element_type=\"widget\" data-widget_type=\"heading.default\">\n\t\t\t\t<div class=\"elementor-widget-container\">\n\t\t\t\t\t<h1 class=\"elementor-heading-title elementor-size-medium\"><span class=\"S1PPyQ\" style=\"font-weight: 700;font-style: normal;text-decoration: none\">Laboratorio anual de pr\u00e1cticas 2026\n<\/span><\/h1>\t\t\t\t<\/div>\n\t\t\t\t<\/div>\n\t\t\t\t<div class=\"elementor-element elementor-element-683caaf elementor-widget elementor-widget-text-editor\" data-id=\"683caaf\" data-element_type=\"widget\" data-widget_type=\"text-editor.default\">\n\t\t\t\t<div class=\"elementor-widget-container\">\n\t\t\t\t\t\t\t\t\t<p><strong>[LAB-EXPANDIDO]<\/strong><br \/>Coordina: Pablo Sina\u00ed<\/p><p><strong>Actividad:<\/strong> Grupo de an\u00e1lisis, investigaci\u00f3n y producci\u00f3n en arte contempor\u00e1neo.<br \/><strong>Modalidades:<\/strong> Presencial &#8211; Online<br \/><strong>Dirigido a:<\/strong> Artistas de todas las pr\u00e1cticas y trayectorias con un desarrollo sostenido en su producci\u00f3n.<br \/><strong>Condiciones:<\/strong> La participaci\u00f3n ser\u00e1 mediante inscripci\u00f3n previa y con cupos limitados. Podr\u00e1n participar artistas que residan dentro o fuera del territorio argentino. La \u00fanica condici\u00f3n es ser hispanohablantes.<\/p><p><strong><em>Din\u00e1mica de trabajo:<\/em><\/strong><\/p><p><em>LAB-EXPANDIDO<\/em> es un espacio dirigido a artistas con un desarrollo sostenido en su producci\u00f3n, disponible para el ensayo continuo de procedimientos po\u00e9ticos y el pensamiento cr\u00edtico. Se constituye a trav\u00e9s de un deseo por acercar y agrupar a un conjunto de artistas de varias regiones, pr\u00e1cticas y experiencias, atravesados por un sinf\u00edn de urgencias, necesidades y afectividades. Mediante una frecuencia mensual, durante cada encuentro haremos hincapi\u00e9 en la construcci\u00f3n de un habitar colectivo, en donde nuestros saberes individuales convergen hacia una red colaborativa de conocimiento. Siempre desde un acompa\u00f1amiento atento, cr\u00edtico y reflexivo, pero sobre todo respetuoso y horizontal.<\/p><p>La din\u00e1mica de cada reuni\u00f3n ser\u00e1 en funci\u00f3n del material que cada artista comparta junto al resto de sus compa\u00f1eros. Sin embargo, mes a mes se propondr\u00e1n un conjunto de lineamientos tem\u00e1ticos, que ayuden a ordenar el contenido de cada presentaci\u00f3n individual. Los mismos, responder\u00e1n a ejes que atraviesen la compleja praxis art\u00edstica y sus especificidades, as\u00ed como tambi\u00e9n a un conjunto de herramientas para la gesti\u00f3n y profesionalizaci\u00f3n de cada participante, desde una perspectiva contempor\u00e1nea y en l\u00ednea con los requerimientos que el propio sistema de arte establece. Asimismo se brindar\u00e1n peri\u00f3dicamente, consignas te\u00f3rico-pr\u00e1cticas que dinamicen tanto el sentido como el campo perceptual en sus producciones. Se propondr\u00e1n tambi\u00e9n lecturas colectivas y material bibliogr\u00e1fico af\u00edn.<\/p><p>Si bien crearemos una gran comunidad de artistas provenientes de diferentes escenas, contextos y regiones, la frecuencia para cada presentaci\u00f3n individual ser\u00e1 mediante la conformaci\u00f3n de grupos reducidos, encontr\u00e1ndonos una vez al mes con cada uno de ellos. Dicho formato de trabajo, permite que cada artista disponga del tiempo necesario para el desarrollo de su producci\u00f3n o investigaci\u00f3n, con la posibilidad de un acompa\u00f1amiento mucho m\u00e1s personalizado y consistente durante el a\u00f1o.<\/p><p><strong>Contenidos y actividades: <\/strong><\/p><ul><li>Cl\u00ednica de obra y seguimiento de proyectos.<\/li><li>Propuestas de lectura.<\/li><li>Consignas de escritura y producci\u00f3n.<\/li><li>Herramientas concretas para la profesionalizaci\u00f3n e inserci\u00f3n dentro del sistema de arte.<\/li><li>Ciclo de charlas y talleres un s\u00e1bado al mes, con profesionales invitados.<\/li><li>Material bibliogr\u00e1fico y audiovisual.<\/li><li>Acceso disponible a las grabaciones de cada encuentro del\u00a0<i>Lab online<\/i>\u00a0y del\u00a0<i>ciclo de invitados<\/i>\u00a0durante todo el a\u00f1o.\u00a0 \u00a0 \u00a0<\/li><\/ul><p><strong>Duraci\u00f3n:<\/strong> De Marzo a Diciembre de 2026.<\/p><p>Artistas interesadxs pueden solicitar las bases completas escribiendo a: <span style=\"color: #333399;\"><a style=\"color: #333399;\" href=\"mailto:milresonancias@gmail.com\">milresonancias@gmail.com<\/a><\/span><\/p><p><strong>Cierre de convocatoria: 20 de febrero.<\/strong><\/p>\t\t\t\t\t\t\t\t<\/div>\n\t\t\t\t<\/div>\n\t\t\t\t\t<\/div>\n\t\t<\/div>\n\t\t\t\t\t<\/div>\n\t\t<\/section>\n\t\t\t\t<section class=\"elementor-section elementor-top-section elementor-element elementor-element-e702a0a elementor-section-boxed elementor-section-height-default elementor-section-height-default\" data-id=\"e702a0a\" data-element_type=\"section\">\n\t\t\t\t\t\t<div class=\"elementor-container elementor-column-gap-default\">\n\t\t\t\t\t<div class=\"elementor-column elementor-col-100 elementor-top-column elementor-element elementor-element-a8aa2c7\" data-id=\"a8aa2c7\" data-element_type=\"column\">\n\t\t\t<div class=\"elementor-widget-wrap elementor-element-populated\">\n\t\t\t\t\t\t<div class=\"elementor-element elementor-element-45d4985 elementor-arrows-position-inside elementor-pagination-position-outside elementor-widget elementor-widget-image-carousel\" data-id=\"45d4985\" data-element_type=\"widget\" data-settings=\"{&quot;navigation&quot;:&quot;both&quot;,&quot;autoplay&quot;:&quot;yes&quot;,&quot;pause_on_hover&quot;:&quot;yes&quot;,&quot;pause_on_interaction&quot;:&quot;yes&quot;,&quot;autoplay_speed&quot;:5000,&quot;infinite&quot;:&quot;yes&quot;,&quot;speed&quot;:500}\" data-widget_type=\"image-carousel.default\">\n\t\t\t\t<div class=\"elementor-widget-container\">\n\t\t\t\t\t\t\t<div class=\"elementor-image-carousel-wrapper swiper\" role=\"region\" aria-roledescription=\"carousel\" aria-label=\"Carrusel de im\u00e1genes\" dir=\"ltr\">\n\t\t\t<div class=\"elementor-image-carousel swiper-wrapper\" aria-live=\"off\">\n\t\t\t\t\t\t\t\t<div class=\"swiper-slide\" role=\"group\" aria-roledescription=\"slide\" aria-label=\"1 of 10\"><a data-elementor-open-lightbox=\"yes\" data-elementor-lightbox-slideshow=\"45d4985\" data-elementor-lightbox-title=\"10\" data-e-action-hash=\"#elementor-action%3Aaction%3Dlightbox%26settings%3DeyJpZCI6MTc0NiwidXJsIjoiaHR0cHM6XC9cL3BhYmxvc2luYWkuY29tXC93cC1jb250ZW50XC91cGxvYWRzXC8yMDI1XC8wOVwvMTAucG5nIiwic2xpZGVzaG93IjoiNDVkNDk4NSJ9\" href=\"https:\/\/pablosinai.com\/wp-content\/uploads\/2025\/09\/10.png\"><figure class=\"swiper-slide-inner\"><img decoding=\"async\" class=\"swiper-slide-image\" src=\"https:\/\/pablosinai.com\/wp-content\/uploads\/2025\/09\/10-300x300.png\" alt=\"10\" \/><\/figure><\/a><\/div><div class=\"swiper-slide\" role=\"group\" aria-roledescription=\"slide\" aria-label=\"2 of 10\"><a data-elementor-open-lightbox=\"yes\" data-elementor-lightbox-slideshow=\"45d4985\" data-elementor-lightbox-title=\"9\" data-e-action-hash=\"#elementor-action%3Aaction%3Dlightbox%26settings%3DeyJpZCI6MTc0NSwidXJsIjoiaHR0cHM6XC9cL3BhYmxvc2luYWkuY29tXC93cC1jb250ZW50XC91cGxvYWRzXC8yMDI1XC8wOVwvOS5wbmciLCJzbGlkZXNob3ciOiI0NWQ0OTg1In0%3D\" href=\"https:\/\/pablosinai.com\/wp-content\/uploads\/2025\/09\/9.png\"><figure class=\"swiper-slide-inner\"><img decoding=\"async\" class=\"swiper-slide-image\" src=\"https:\/\/pablosinai.com\/wp-content\/uploads\/2025\/09\/9-300x300.png\" alt=\"9\" \/><\/figure><\/a><\/div><div class=\"swiper-slide\" role=\"group\" aria-roledescription=\"slide\" aria-label=\"3 of 10\"><a data-elementor-open-lightbox=\"yes\" data-elementor-lightbox-slideshow=\"45d4985\" data-elementor-lightbox-title=\"8\" data-e-action-hash=\"#elementor-action%3Aaction%3Dlightbox%26settings%3DeyJpZCI6MTc0NCwidXJsIjoiaHR0cHM6XC9cL3BhYmxvc2luYWkuY29tXC93cC1jb250ZW50XC91cGxvYWRzXC8yMDI1XC8wOVwvOC5wbmciLCJzbGlkZXNob3ciOiI0NWQ0OTg1In0%3D\" href=\"https:\/\/pablosinai.com\/wp-content\/uploads\/2025\/09\/8.png\"><figure class=\"swiper-slide-inner\"><img decoding=\"async\" class=\"swiper-slide-image\" src=\"https:\/\/pablosinai.com\/wp-content\/uploads\/2025\/09\/8-300x300.png\" alt=\"8\" \/><\/figure><\/a><\/div><div class=\"swiper-slide\" role=\"group\" aria-roledescription=\"slide\" aria-label=\"4 of 10\"><a data-elementor-open-lightbox=\"yes\" data-elementor-lightbox-slideshow=\"45d4985\" data-elementor-lightbox-title=\"5\" data-e-action-hash=\"#elementor-action%3Aaction%3Dlightbox%26settings%3DeyJpZCI6MTc0MSwidXJsIjoiaHR0cHM6XC9cL3BhYmxvc2luYWkuY29tXC93cC1jb250ZW50XC91cGxvYWRzXC8yMDI1XC8wOVwvNS5wbmciLCJzbGlkZXNob3ciOiI0NWQ0OTg1In0%3D\" href=\"https:\/\/pablosinai.com\/wp-content\/uploads\/2025\/09\/5.png\"><figure class=\"swiper-slide-inner\"><img decoding=\"async\" class=\"swiper-slide-image\" src=\"https:\/\/pablosinai.com\/wp-content\/uploads\/2025\/09\/5-300x300.png\" alt=\"5\" \/><\/figure><\/a><\/div><div class=\"swiper-slide\" role=\"group\" aria-roledescription=\"slide\" aria-label=\"5 of 10\"><a data-elementor-open-lightbox=\"yes\" data-elementor-lightbox-slideshow=\"45d4985\" data-elementor-lightbox-title=\"2\" data-e-action-hash=\"#elementor-action%3Aaction%3Dlightbox%26settings%3DeyJpZCI6MTczOCwidXJsIjoiaHR0cHM6XC9cL3BhYmxvc2luYWkuY29tXC93cC1jb250ZW50XC91cGxvYWRzXC8yMDI1XC8wOVwvMi5wbmciLCJzbGlkZXNob3ciOiI0NWQ0OTg1In0%3D\" href=\"https:\/\/pablosinai.com\/wp-content\/uploads\/2025\/09\/2.png\"><figure class=\"swiper-slide-inner\"><img decoding=\"async\" class=\"swiper-slide-image\" src=\"https:\/\/pablosinai.com\/wp-content\/uploads\/2025\/09\/2-300x300.png\" alt=\"2\" \/><\/figure><\/a><\/div><div class=\"swiper-slide\" role=\"group\" aria-roledescription=\"slide\" aria-label=\"6 of 10\"><a data-elementor-open-lightbox=\"yes\" data-elementor-lightbox-slideshow=\"45d4985\" data-elementor-lightbox-title=\"6\" data-e-action-hash=\"#elementor-action%3Aaction%3Dlightbox%26settings%3DeyJpZCI6MTc0MiwidXJsIjoiaHR0cHM6XC9cL3BhYmxvc2luYWkuY29tXC93cC1jb250ZW50XC91cGxvYWRzXC8yMDI1XC8wOVwvNi5wbmciLCJzbGlkZXNob3ciOiI0NWQ0OTg1In0%3D\" href=\"https:\/\/pablosinai.com\/wp-content\/uploads\/2025\/09\/6.png\"><figure class=\"swiper-slide-inner\"><img decoding=\"async\" class=\"swiper-slide-image\" src=\"https:\/\/pablosinai.com\/wp-content\/uploads\/2025\/09\/6-300x300.png\" alt=\"6\" \/><\/figure><\/a><\/div><div class=\"swiper-slide\" role=\"group\" aria-roledescription=\"slide\" aria-label=\"7 of 10\"><a data-elementor-open-lightbox=\"yes\" data-elementor-lightbox-slideshow=\"45d4985\" data-elementor-lightbox-title=\"7\" data-e-action-hash=\"#elementor-action%3Aaction%3Dlightbox%26settings%3DeyJpZCI6MTc0MywidXJsIjoiaHR0cHM6XC9cL3BhYmxvc2luYWkuY29tXC93cC1jb250ZW50XC91cGxvYWRzXC8yMDI1XC8wOVwvNy5wbmciLCJzbGlkZXNob3ciOiI0NWQ0OTg1In0%3D\" href=\"https:\/\/pablosinai.com\/wp-content\/uploads\/2025\/09\/7.png\"><figure class=\"swiper-slide-inner\"><img decoding=\"async\" class=\"swiper-slide-image\" src=\"https:\/\/pablosinai.com\/wp-content\/uploads\/2025\/09\/7-300x300.png\" alt=\"7\" \/><\/figure><\/a><\/div><div class=\"swiper-slide\" role=\"group\" aria-roledescription=\"slide\" aria-label=\"8 of 10\"><a data-elementor-open-lightbox=\"yes\" data-elementor-lightbox-slideshow=\"45d4985\" data-elementor-lightbox-title=\"1\" data-e-action-hash=\"#elementor-action%3Aaction%3Dlightbox%26settings%3DeyJpZCI6MTczNywidXJsIjoiaHR0cHM6XC9cL3BhYmxvc2luYWkuY29tXC93cC1jb250ZW50XC91cGxvYWRzXC8yMDI1XC8wOVwvMS5wbmciLCJzbGlkZXNob3ciOiI0NWQ0OTg1In0%3D\" href=\"https:\/\/pablosinai.com\/wp-content\/uploads\/2025\/09\/1.png\"><figure class=\"swiper-slide-inner\"><img decoding=\"async\" class=\"swiper-slide-image\" src=\"https:\/\/pablosinai.com\/wp-content\/uploads\/2025\/09\/1-300x300.png\" alt=\"1\" \/><\/figure><\/a><\/div><div class=\"swiper-slide\" role=\"group\" aria-roledescription=\"slide\" aria-label=\"9 of 10\"><a data-elementor-open-lightbox=\"yes\" data-elementor-lightbox-slideshow=\"45d4985\" data-elementor-lightbox-title=\"4\" data-e-action-hash=\"#elementor-action%3Aaction%3Dlightbox%26settings%3DeyJpZCI6MTc0MCwidXJsIjoiaHR0cHM6XC9cL3BhYmxvc2luYWkuY29tXC93cC1jb250ZW50XC91cGxvYWRzXC8yMDI1XC8wOVwvNC5wbmciLCJzbGlkZXNob3ciOiI0NWQ0OTg1In0%3D\" href=\"https:\/\/pablosinai.com\/wp-content\/uploads\/2025\/09\/4.png\"><figure class=\"swiper-slide-inner\"><img decoding=\"async\" class=\"swiper-slide-image\" src=\"https:\/\/pablosinai.com\/wp-content\/uploads\/2025\/09\/4-300x300.png\" alt=\"4\" \/><\/figure><\/a><\/div><div class=\"swiper-slide\" role=\"group\" aria-roledescription=\"slide\" aria-label=\"10 of 10\"><a data-elementor-open-lightbox=\"yes\" data-elementor-lightbox-slideshow=\"45d4985\" data-elementor-lightbox-title=\"Dise\u00f1o sin t\u00edtulo (7)\" data-e-action-hash=\"#elementor-action%3Aaction%3Dlightbox%26settings%3DeyJpZCI6MTc4MiwidXJsIjoiaHR0cHM6XC9cL3BhYmxvc2luYWkuY29tXC93cC1jb250ZW50XC91cGxvYWRzXC8yMDI2XC8wMVwvRGlzZW5vLXNpbi10aXR1bG8tNy5wbmciLCJzbGlkZXNob3ciOiI0NWQ0OTg1In0%3D\" href=\"https:\/\/pablosinai.com\/wp-content\/uploads\/2026\/01\/Diseno-sin-titulo-7.png\"><figure class=\"swiper-slide-inner\"><img decoding=\"async\" class=\"swiper-slide-image\" src=\"https:\/\/pablosinai.com\/wp-content\/uploads\/2026\/01\/Diseno-sin-titulo-7-300x300.png\" alt=\"Dise\u00f1o sin t\u00edtulo (7)\" \/><\/figure><\/a><\/div>\t\t\t<\/div>\n\t\t\t\t\t\t\t\t\t\t\t\t<div class=\"elementor-swiper-button elementor-swiper-button-prev\" role=\"button\" tabindex=\"0\">\n\t\t\t\t\t\t<i aria-hidden=\"true\" class=\"eicon-chevron-left\"><\/i>\t\t\t\t\t<\/div>\n\t\t\t\t\t<div class=\"elementor-swiper-button elementor-swiper-button-next\" role=\"button\" tabindex=\"0\">\n\t\t\t\t\t\t<i aria-hidden=\"true\" class=\"eicon-chevron-right\"><\/i>\t\t\t\t\t<\/div>\n\t\t\t\t\n\t\t\t\t\t\t\t\t\t<div class=\"swiper-pagination\"><\/div>\n\t\t\t\t\t\t\t\t\t<\/div>\n\t\t\t\t\t\t<\/div>\n\t\t\t\t<\/div>\n\t\t\t\t\t<\/div>\n\t\t<\/div>\n\t\t\t\t\t<\/div>\n\t\t<\/section>\n\t\t\t\t<\/div>\n\t\t","protected":false},"excerpt":{"rendered":"<p>Laboratorio anual de pr\u00e1cticas 2026 [LAB-EXPANDIDO]Coordina: Pablo Sina\u00ed Actividad: Grupo de an\u00e1lisis, investigaci\u00f3n y producci\u00f3n en arte contempor\u00e1neo.Modalidades: Presencial &#8211; OnlineDirigido a: Artistas de todas las pr\u00e1cticas y trayectorias con un desarrollo sostenido en su producci\u00f3n.Condiciones: La participaci\u00f3n ser\u00e1 mediante inscripci\u00f3n previa y con cupos limitados. Podr\u00e1n participar artistas que residan dentro o fuera del [&hellip;]<\/p>\n","protected":false},"author":1,"featured_media":0,"parent":0,"menu_order":0,"comment_status":"closed","ping_status":"closed","template":"","meta":{"_monsterinsights_skip_tracking":false,"_monsterinsights_sitenote_active":false,"_monsterinsights_sitenote_note":"","_monsterinsights_sitenote_category":0,"site-sidebar-layout":"no-sidebar","site-content-layout":"page-builder","ast-site-content-layout":"default","site-content-style":"default","site-sidebar-style":"default","ast-global-header-display":"","ast-banner-title-visibility":"","ast-main-header-display":"","ast-hfb-above-header-display":"","ast-hfb-below-header-display":"","ast-hfb-mobile-header-display":"","site-post-title":"disabled","ast-breadcrumbs-content":"","ast-featured-img":"disabled","footer-sml-layout":"","theme-transparent-header-meta":"","adv-header-id-meta":"","stick-header-meta":"","header-above-stick-meta":"","header-main-stick-meta":"","header-below-stick-meta":"","astra-migrate-meta-layouts":"default","ast-page-background-enabled":"default","ast-page-background-meta":{"desktop":{"background-color":"","background-image":"","background-repeat":"repeat","background-position":"center center","background-size":"auto","background-attachment":"scroll","background-type":"","background-media":"","overlay-type":"","overlay-color":"","overlay-opacity":"","overlay-gradient":""},"tablet":{"background-color":"","background-image":"","background-repeat":"repeat","background-position":"center center","background-size":"auto","background-attachment":"scroll","background-type":"","background-media":"","overlay-type":"","overlay-color":"","overlay-opacity":"","overlay-gradient":""},"mobile":{"background-color":"","background-image":"","background-repeat":"repeat","background-position":"center center","background-size":"auto","background-attachment":"scroll","background-type":"","background-media":"","overlay-type":"","overlay-color":"","overlay-opacity":"","overlay-gradient":""}},"ast-content-background-meta":{"desktop":{"background-color":"var(--ast-global-color-5)","background-image":"","background-repeat":"repeat","background-position":"center center","background-size":"auto","background-attachment":"scroll","background-type":"","background-media":"","overlay-type":"","overlay-color":"","overlay-opacity":"","overlay-gradient":""},"tablet":{"background-color":"var(--ast-global-color-5)","background-image":"","background-repeat":"repeat","background-position":"center center","background-size":"auto","background-attachment":"scroll","background-type":"","background-media":"","overlay-type":"","overlay-color":"","overlay-opacity":"","overlay-gradient":""},"mobile":{"background-color":"var(--ast-global-color-5)","background-image":"","background-repeat":"repeat","background-position":"center center","background-size":"auto","background-attachment":"scroll","background-type":"","background-media":"","overlay-type":"","overlay-color":"","overlay-opacity":"","overlay-gradient":""}},"footnotes":""},"class_list":["post-1544","page","type-page","status-publish","hentry"],"aioseo_notices":[],"_links":{"self":[{"href":"https:\/\/pablosinai.com\/index.php\/wp-json\/wp\/v2\/pages\/1544","targetHints":{"allow":["GET"]}}],"collection":[{"href":"https:\/\/pablosinai.com\/index.php\/wp-json\/wp\/v2\/pages"}],"about":[{"href":"https:\/\/pablosinai.com\/index.php\/wp-json\/wp\/v2\/types\/page"}],"author":[{"embeddable":true,"href":"https:\/\/pablosinai.com\/index.php\/wp-json\/wp\/v2\/users\/1"}],"replies":[{"embeddable":true,"href":"https:\/\/pablosinai.com\/index.php\/wp-json\/wp\/v2\/comments?post=1544"}],"version-history":[{"count":43,"href":"https:\/\/pablosinai.com\/index.php\/wp-json\/wp\/v2\/pages\/1544\/revisions"}],"predecessor-version":[{"id":1798,"href":"https:\/\/pablosinai.com\/index.php\/wp-json\/wp\/v2\/pages\/1544\/revisions\/1798"}],"wp:attachment":[{"href":"https:\/\/pablosinai.com\/index.php\/wp-json\/wp\/v2\/media?parent=1544"}],"curies":[{"name":"wp","href":"https:\/\/api.w.org\/{rel}","templated":true}]}}