{"id":22,"date":"2022-01-29T15:47:39","date_gmt":"2022-01-29T18:47:39","guid":{"rendered":"https:\/\/pablosinai.com\/?page_id=22"},"modified":"2025-09-24T16:59:20","modified_gmt":"2025-09-24T19:59:20","slug":"bio","status":"publish","type":"page","link":"https:\/\/pablosinai.com\/index.php\/bio\/","title":{"rendered":"Bio"},"content":{"rendered":"\t\t<div data-elementor-type=\"wp-page\" data-elementor-id=\"22\" class=\"elementor elementor-22\">\n\t\t\t\t\t\t<section class=\"elementor-section elementor-top-section elementor-element elementor-element-7b9581f elementor-section-boxed elementor-section-height-default elementor-section-height-default\" data-id=\"7b9581f\" data-element_type=\"section\">\n\t\t\t\t\t\t<div class=\"elementor-container elementor-column-gap-default\">\n\t\t\t\t\t<div class=\"elementor-column elementor-col-33 elementor-top-column elementor-element elementor-element-f07bf44\" data-id=\"f07bf44\" data-element_type=\"column\">\n\t\t\t<div class=\"elementor-widget-wrap elementor-element-populated\">\n\t\t\t\t\t\t<div class=\"elementor-element elementor-element-6b689d2 elementor-widget elementor-widget-image\" data-id=\"6b689d2\" data-element_type=\"widget\" data-widget_type=\"image.default\">\n\t\t\t\t<div class=\"elementor-widget-container\">\n\t\t\t\t\t\t\t\t\t\t\t\t\t\t\t<img fetchpriority=\"high\" decoding=\"async\" width=\"240\" height=\"300\" src=\"https:\/\/pablosinai.com\/wp-content\/uploads\/2025\/09\/Diseno-sin-titulo-240x300.png\" class=\"attachment-medium size-medium wp-image-1566\" alt=\"\" srcset=\"https:\/\/pablosinai.com\/wp-content\/uploads\/2025\/09\/Diseno-sin-titulo-240x300.png 240w, https:\/\/pablosinai.com\/wp-content\/uploads\/2025\/09\/Diseno-sin-titulo-819x1024.png 819w, https:\/\/pablosinai.com\/wp-content\/uploads\/2025\/09\/Diseno-sin-titulo-768x960.png 768w, https:\/\/pablosinai.com\/wp-content\/uploads\/2025\/09\/Diseno-sin-titulo.png 1080w\" sizes=\"(max-width: 240px) 100vw, 240px\" \/>\t\t\t\t\t\t\t\t\t\t\t\t\t\t\t<\/div>\n\t\t\t\t<\/div>\n\t\t\t\t\t<\/div>\n\t\t<\/div>\n\t\t\t\t<div class=\"elementor-column elementor-col-66 elementor-top-column elementor-element elementor-element-7cb3efe\" data-id=\"7cb3efe\" data-element_type=\"column\">\n\t\t\t<div class=\"elementor-widget-wrap elementor-element-populated\">\n\t\t\t\t\t\t<div class=\"elementor-element elementor-element-82fc990 elementor-widget elementor-widget-text-editor\" data-id=\"82fc990\" data-element_type=\"widget\" data-widget_type=\"text-editor.default\">\n\t\t\t\t<div class=\"elementor-widget-container\">\n\t\t\t\t\t\t\t\t\t<h1 style=\"text-align: left;\"><span style=\"font-size: 16px; text-align: justify;\">Pablo Sina\u00ed<\/span><\/h1><p><span class=\"a_GcMg font-feature-liga-off font-feature-clig-off font-feature-calt-off text-decoration-none text-strikethrough-none\">Pablo Sina\u00ed (Bs.As. 1980) es artista visual y docente. Desde el a\u00f1o 2000 en adelante, brinda talleres de producci\u00f3n y acompa\u00f1amiento para artistas a trav\u00e9s de tutor\u00edas individuales, seminarios intensivos y Programas de formaci\u00f3n en espacios culturales, residencias e instituciones p\u00fablicas y privadas En los \u00faltimos a\u00f1os se desempe\u00f1\u00f3 como tutor general y parte del equipo docente en varios Programas de formaci\u00f3n, como PALA en Galer\u00eda Lava y El Or\u00e1culo en Proyecto P\u00farpura entre otros. En el a\u00f1o 2020 cofunda Cl\u00ednicas CUATROXCUATRO. En la actualidad, gestiona y coordina LAB-EXPANDIDO, un espacio de formaci\u00f3n anual para artistas, orientado a las pr\u00e1cticas art\u00edsticas contempor\u00e1neas en todas sus formas de expresi\u00f3n, problem\u00e1ticas y discursos actuales, desde un abordaje inclusivo, plural y horizontal.<\/span><\/p><p><span class=\"a_GcMg font-feature-liga-off font-feature-clig-off font-feature-calt-off text-decoration-none text-strikethrough-none\">Entre sus reconocimientos cuenta con el Tercer Premio en Pintura del 107 Sal\u00f3n Nacional (2018); una Menci\u00f3n en el XCIV Sal\u00f3n anual de Santa F\u00e9, Museo Rosa Galisteo (2017); un Premio adquisici\u00f3n en la XX Bienal Internacional de Santa Cruz de la Sierra, Bolivia (2016) y el 1er premio en pintura de la Universidad de Belgrano (2015), entre otros. Su obra integra el acervo de los Museos MACBA en Buenos Aires, el MAC en Santa Cruz de la Sierra, Bolivia y en la colecci\u00f3n del Museo Arte al l\u00edmite en Santiago de Chile, entre otras importantes colecciones p\u00fablicas y privadas en Argentina y en el exterior.<\/span><\/p><p><span class=\"a_GcMg font-feature-liga-off font-feature-clig-off font-feature-calt-off text-decoration-none text-strikethrough-none\">Su trabajo a nivel nacional a sido exhibido en reconocidas galer\u00edas, instituciones y espacios culturales como Fundaci\u00f3n Fortabat, Casa Nacional del Bicentenario, UADE art, Galer\u00eda Praxis, Galer\u00eda Pabell\u00f3n 4, Galer\u00eda Ensemble, Museo MACBA, Museo Emilio Caraffa, Museo Urbano Poggi, Museo Timoteo Navarro, Museo Castagnino, Museo Emilio Pettoruti, Museo Banco Provincia, C.C. Borges, C.C. Paco Urondo, C.C. Quinta Trabucco, entre otros.<\/span><\/p><p class=\"cvGsUA direction-ltr align-justify para-style-body\"><span class=\"a_GcMg font-feature-liga-off font-feature-clig-off font-feature-calt-off text-decoration-none text-strikethrough-none\">Ha realizado numerosas exposiciones en el \u00e1mbito nacional como internacional.<br \/><\/span><span class=\"a_GcMg font-feature-liga-off font-feature-clig-off font-feature-calt-off text-decoration-none text-strikethrough-none\">Entre sus proyectos individuales se destacan: Posiciones mutantes, Galer\u00eda Musgo, Buenos Aires (2025); El signo que habito , MM Gallery, Buenos Aires (2022); Todo en su lugar correcto, Galer\u00eda ENSEMBLE, Buenos Aires (2019), Prop\u00f3sito de falla, Museo Banco Provincia, Buenos Aires (2018); La ca\u00edda, Galer\u00eda Pabell\u00f3n 4, Buenos Aires (2017); Ingenuitat apart, Galer\u00eda de Les Fontetes, Principado de Andorra (2009); Referente, C.C.Borges, Buenos Aires (2006).<\/span><\/p><p><span class=\"a_GcMg font-feature-liga-off font-feature-clig-off font-feature-calt-off text-decoration-none text-strikethrough-none\">Entre algunas de sus participaciones colectivas se destacan: Intangible Cultural heritage achievements exhibition,<\/span> <span class=\"a_GcMg font-feature-liga-off font-feature-clig-off font-feature-calt-off text-decoration-none text-strikethrough-none\">Tianyi Gallery, Chengd\u00fa, China (2025); Intervalos de confianza, Espacio Casa Madre, Madrid, Espa\u00f1a (2023); Un paisaje interior, Galer\u00eda Francisco Vidal, Casa de la provincia de CBA en Buenos Aires (2023); Tropical paradise, MM Gallery Berl\u00edn (2022); NEO-POST, 50 a\u00f1os de Geometr\u00eda argentina, Museo MACBA (2021); 107 Sal\u00f3n Nacional\/Artistas Premiados, Museo Emilio Caraffa, C\u00f3rdoba (2019); tensi\u00f3n-expansi\u00f3n, Galer\u00eda Rojo al Frente, San Mart\u00edn, Provincia de Buenos Aires (2018); Conexiones progresivas, Centro Cultural Paco Urondo, Buenos Aires (2018); Escrabel, Barraca Vorticista, Buenos Aires (2017); Chamanes, Quadro Galer\u00eda, Buenos Aires (2016).<\/span><\/p><p><span class=\"a_GcMg font-feature-liga-off font-feature-clig-off font-feature-calt-off text-decoration-none text-strikethrough-none\">En 2023 fue invitado a participar de la Residencia internacional Pouch Cove en New Foundland, Canad\u00e1. Y en 2025 es invitado a participar de las Residencias internacionales NY20+ en la ciudad de Chengd\u00fa, China y de SART (SienaArt Institute) junto a artistas facultativos del Pratt Institute de New York, en la ciudad de Siena, Italia. En 2022 y 2018 obtuvo becas por parte del Fondo Nacional de las Artes.<\/span><\/p>\t\t\t\t\t\t\t\t<\/div>\n\t\t\t\t<\/div>\n\t\t\t\t\t<\/div>\n\t\t<\/div>\n\t\t\t\t\t<\/div>\n\t\t<\/section>\n\t\t\t\t<section class=\"elementor-section elementor-top-section elementor-element elementor-element-fc11bf6 elementor-section-boxed elementor-section-height-default elementor-section-height-default\" data-id=\"fc11bf6\" data-element_type=\"section\">\n\t\t\t\t\t\t<div class=\"elementor-container elementor-column-gap-default\">\n\t\t\t\t\t<div class=\"elementor-column elementor-col-33 elementor-top-column elementor-element elementor-element-7c3bead\" data-id=\"7c3bead\" data-element_type=\"column\">\n\t\t\t<div class=\"elementor-widget-wrap\">\n\t\t\t\t\t\t\t<\/div>\n\t\t<\/div>\n\t\t\t\t<div class=\"elementor-column elementor-col-66 elementor-top-column elementor-element elementor-element-f98166f\" data-id=\"f98166f\" data-element_type=\"column\">\n\t\t\t<div class=\"elementor-widget-wrap elementor-element-populated\">\n\t\t\t\t\t\t<div class=\"elementor-element elementor-element-92a97d6 elementor-widget elementor-widget-button\" data-id=\"92a97d6\" data-element_type=\"widget\" data-widget_type=\"button.default\">\n\t\t\t\t<div class=\"elementor-widget-container\">\n\t\t\t\t\t\t\t\t\t<div class=\"elementor-button-wrapper\">\n\t\t\t\t\t<a class=\"elementor-button elementor-button-link elementor-size-sm\" href=\"http:\/\/pablosinai.com\/wp-content\/uploads\/2025\/09\/Pablo-Sinai_bio_2025.pdf.png\" target=\"_blank\">\n\t\t\t\t\t\t<span class=\"elementor-button-content-wrapper\">\n\t\t\t\t\t\t<span class=\"elementor-button-icon\">\n\t\t\t\t<i aria-hidden=\"true\" class=\"far fa-arrow-alt-circle-down\"><\/i>\t\t\t<\/span>\n\t\t\t\t\t\t\t\t\t<span class=\"elementor-button-text\">Descargar Bio<\/span>\n\t\t\t\t\t<\/span>\n\t\t\t\t\t<\/a>\n\t\t\t\t<\/div>\n\t\t\t\t\t\t\t\t<\/div>\n\t\t\t\t<\/div>\n\t\t\t\t\t<\/div>\n\t\t<\/div>\n\t\t\t\t\t<\/div>\n\t\t<\/section>\n\t\t\t\t<section class=\"elementor-section elementor-top-section elementor-element elementor-element-a9d5548 elementor-section-boxed elementor-section-height-default elementor-section-height-default\" data-id=\"a9d5548\" data-element_type=\"section\">\n\t\t\t\t\t\t<div class=\"elementor-container elementor-column-gap-default\">\n\t\t\t\t\t<div class=\"elementor-column elementor-col-33 elementor-top-column elementor-element elementor-element-f2a2e88\" data-id=\"f2a2e88\" data-element_type=\"column\">\n\t\t\t<div class=\"elementor-widget-wrap\">\n\t\t\t\t\t\t\t<\/div>\n\t\t<\/div>\n\t\t\t\t<div class=\"elementor-column elementor-col-66 elementor-top-column elementor-element elementor-element-78ed144\" data-id=\"78ed144\" data-element_type=\"column\">\n\t\t\t<div class=\"elementor-widget-wrap elementor-element-populated\">\n\t\t\t\t\t\t<div class=\"elementor-element elementor-element-be0dd66 elementor-widget elementor-widget-button\" data-id=\"be0dd66\" data-element_type=\"widget\" data-widget_type=\"button.default\">\n\t\t\t\t<div class=\"elementor-widget-container\">\n\t\t\t\t\t\t\t\t\t<div class=\"elementor-button-wrapper\">\n\t\t\t\t\t<a class=\"elementor-button elementor-button-link elementor-size-sm\" href=\"http:\/\/pablosinai.com\/wp-content\/uploads\/2025\/09\/Pablo-Sinai_cv_2025.pdf.pdf\" target=\"_blank\">\n\t\t\t\t\t\t<span class=\"elementor-button-content-wrapper\">\n\t\t\t\t\t\t<span class=\"elementor-button-icon\">\n\t\t\t\t<i aria-hidden=\"true\" class=\"far fa-arrow-alt-circle-down\"><\/i>\t\t\t<\/span>\n\t\t\t\t\t\t\t\t\t<span class=\"elementor-button-text\">Descargar CV completo<\/span>\n\t\t\t\t\t<\/span>\n\t\t\t\t\t<\/a>\n\t\t\t\t<\/div>\n\t\t\t\t\t\t\t\t<\/div>\n\t\t\t\t<\/div>\n\t\t\t\t\t<\/div>\n\t\t<\/div>\n\t\t\t\t\t<\/div>\n\t\t<\/section>\n\t\t\t\t<\/div>\n\t\t","protected":false},"excerpt":{"rendered":"<p>Pablo Sina\u00ed Pablo Sina\u00ed (Bs.As. 1980) es artista visual y docente. Desde el a\u00f1o 2000 en adelante, brinda talleres de producci\u00f3n y acompa\u00f1amiento para artistas a trav\u00e9s de tutor\u00edas individuales, seminarios intensivos y Programas de formaci\u00f3n en espacios culturales, residencias e instituciones p\u00fablicas y privadas En los \u00faltimos a\u00f1os se desempe\u00f1\u00f3 como tutor general y [&hellip;]<\/p>\n","protected":false},"author":1,"featured_media":0,"parent":0,"menu_order":0,"comment_status":"closed","ping_status":"closed","template":"","meta":{"_monsterinsights_skip_tracking":false,"_monsterinsights_sitenote_active":false,"_monsterinsights_sitenote_note":"","_monsterinsights_sitenote_category":0,"site-sidebar-layout":"no-sidebar","site-content-layout":"page-builder","ast-site-content-layout":"default","site-content-style":"default","site-sidebar-style":"default","ast-global-header-display":"","ast-banner-title-visibility":"","ast-main-header-display":"","ast-hfb-above-header-display":"","ast-hfb-below-header-display":"","ast-hfb-mobile-header-display":"","site-post-title":"disabled","ast-breadcrumbs-content":"","ast-featured-img":"disabled","footer-sml-layout":"","theme-transparent-header-meta":"","adv-header-id-meta":"","stick-header-meta":"","header-above-stick-meta":"","header-main-stick-meta":"","header-below-stick-meta":"","astra-migrate-meta-layouts":"default","ast-page-background-enabled":"default","ast-page-background-meta":{"desktop":{"background-color":"","background-image":"","background-repeat":"repeat","background-position":"center center","background-size":"auto","background-attachment":"scroll","background-type":"","background-media":"","overlay-type":"","overlay-color":"","overlay-opacity":"","overlay-gradient":""},"tablet":{"background-color":"","background-image":"","background-repeat":"repeat","background-position":"center center","background-size":"auto","background-attachment":"scroll","background-type":"","background-media":"","overlay-type":"","overlay-color":"","overlay-opacity":"","overlay-gradient":""},"mobile":{"background-color":"","background-image":"","background-repeat":"repeat","background-position":"center center","background-size":"auto","background-attachment":"scroll","background-type":"","background-media":"","overlay-type":"","overlay-color":"","overlay-opacity":"","overlay-gradient":""}},"ast-content-background-meta":{"desktop":{"background-color":"var(--ast-global-color-5)","background-image":"","background-repeat":"repeat","background-position":"center center","background-size":"auto","background-attachment":"scroll","background-type":"","background-media":"","overlay-type":"","overlay-color":"","overlay-opacity":"","overlay-gradient":""},"tablet":{"background-color":"var(--ast-global-color-5)","background-image":"","background-repeat":"repeat","background-position":"center center","background-size":"auto","background-attachment":"scroll","background-type":"","background-media":"","overlay-type":"","overlay-color":"","overlay-opacity":"","overlay-gradient":""},"mobile":{"background-color":"var(--ast-global-color-5)","background-image":"","background-repeat":"repeat","background-position":"center center","background-size":"auto","background-attachment":"scroll","background-type":"","background-media":"","overlay-type":"","overlay-color":"","overlay-opacity":"","overlay-gradient":""}},"footnotes":""},"class_list":["post-22","page","type-page","status-publish","hentry"],"aioseo_notices":[],"_links":{"self":[{"href":"https:\/\/pablosinai.com\/index.php\/wp-json\/wp\/v2\/pages\/22","targetHints":{"allow":["GET"]}}],"collection":[{"href":"https:\/\/pablosinai.com\/index.php\/wp-json\/wp\/v2\/pages"}],"about":[{"href":"https:\/\/pablosinai.com\/index.php\/wp-json\/wp\/v2\/types\/page"}],"author":[{"embeddable":true,"href":"https:\/\/pablosinai.com\/index.php\/wp-json\/wp\/v2\/users\/1"}],"replies":[{"embeddable":true,"href":"https:\/\/pablosinai.com\/index.php\/wp-json\/wp\/v2\/comments?post=22"}],"version-history":[{"count":73,"href":"https:\/\/pablosinai.com\/index.php\/wp-json\/wp\/v2\/pages\/22\/revisions"}],"predecessor-version":[{"id":1728,"href":"https:\/\/pablosinai.com\/index.php\/wp-json\/wp\/v2\/pages\/22\/revisions\/1728"}],"wp:attachment":[{"href":"https:\/\/pablosinai.com\/index.php\/wp-json\/wp\/v2\/media?parent=22"}],"curies":[{"name":"wp","href":"https:\/\/api.w.org\/{rel}","templated":true}]}}